{"id":68325,"date":"2024-03-22T16:10:21","date_gmt":"2024-03-22T15:10:21","guid":{"rendered":"https:\/\/abinox-chr-clim.com\/index.php\/product\/distributeur-de-sauce-a-col-large-vogue-909ml-transparent\/"},"modified":"2026-04-02T08:43:44","modified_gmt":"2026-04-02T06:43:44","slug":"distributeur-de-sauce-a-col-large-vogue-909ml-transparent","status":"publish","type":"product","link":"https:\/\/abinox-chr-clim.com\/index.php\/product\/distributeur-de-sauce-a-col-large-vogue-909ml-transparent\/","title":{"rendered":"Distributeur de sauce \u00e0 col large Vogue 909ml transparent"},"content":{"rendered":"<p>Bouteille flexible en poly\u00e9thyl\u00e8ne souple avec bouchon \u00e0 vis et ouverture large pour un remplissage facile. Pour servir les sauces ou la d\u00e9coration. Remarque : Les embouts doivent \u00eatre coup\u00e9s au diam\u00e8tre d\u00e9sir\u00e9 avant utilisation.<br \/>Couvercle \u00e0 vis simple &#8211; se fixe en toute s\u00e9curit\u00e9. Veuillez noter que cette bouteille ne passe pas au four. Col large &#8211; remplissage sans d\u00e9g\u00e2ts et nettoyage plus facile. Conception comprim\u00e9e avec une pointe \u00e9troite pour une distribution pr\u00e9cise. Convient pour le r\u00e9frig\u00e9rateur, le cong\u00e9lateur, le micro-ondes et le lave-vaisselle.  Couvercle \u00e0 vis simple &#8211; se fixe en toute s\u00e9curit\u00e9.<\/p>\n<p>Caract\u00e9ristiques :<br \/> Capacit\u00e9 : 909ml.<br \/> Dimensions : 265(H) x 80(\u00d8) mm.<br \/> Mati\u00e8re : Poly\u00e9thyl\u00e8ne.<br \/> Couleur : Transparent.<\/p>\n","protected":false},"excerpt":{"rendered":"<p>Distributeur de sauce \u00e0 col large Vogue 909ml transparent<\/p>\n","protected":false},"featured_media":96123,"comment_status":"closed","ping_status":"closed","template":"","meta":[],"product_brand":[],"product_cat":[1064,1297,1098,1104],"product_tag":[],"class_list":{"0":"post-68325","1":"product","2":"type-product","3":"status-publish","4":"has-post-thumbnail","6":"product_cat-cuisine","7":"product_cat-non-palettisable","8":"product_cat-ustensiles-cuisine","9":"product_cat-ustensiles-de-cuisine","10":"product_shipping_class-free-shipping","12":"first","13":"instock","14":"featured","15":"taxable","16":"shipping-taxable","17":"purchasable","18":"product-type-simple"},"_links":{"self":[{"href":"https:\/\/abinox-chr-clim.com\/index.php\/wp-json\/wp\/v2\/product\/68325","targetHints":{"allow":["GET"]}}],"collection":[{"href":"https:\/\/abinox-chr-clim.com\/index.php\/wp-json\/wp\/v2\/product"}],"about":[{"href":"https:\/\/abinox-chr-clim.com\/index.php\/wp-json\/wp\/v2\/types\/product"}],"replies":[{"embeddable":true,"href":"https:\/\/abinox-chr-clim.com\/index.php\/wp-json\/wp\/v2\/comments?post=68325"}],"wp:featuredmedia":[{"embeddable":true,"href":"https:\/\/abinox-chr-clim.com\/index.php\/wp-json\/wp\/v2\/media\/96123"}],"wp:attachment":[{"href":"https:\/\/abinox-chr-clim.com\/index.php\/wp-json\/wp\/v2\/media?parent=68325"}],"wp:term":[{"taxonomy":"product_brand","embeddable":true,"href":"https:\/\/abinox-chr-clim.com\/index.php\/wp-json\/wp\/v2\/product_brand?post=68325"},{"taxonomy":"product_cat","embeddable":true,"href":"https:\/\/abinox-chr-clim.com\/index.php\/wp-json\/wp\/v2\/product_cat?post=68325"},{"taxonomy":"product_tag","embeddable":true,"href":"https:\/\/abinox-chr-clim.com\/index.php\/wp-json\/wp\/v2\/product_tag?post=68325"}],"curies":[{"name":"wp","href":"https:\/\/api.w.org\/{rel}","templated":true}]}}