{"id":68323,"date":"2024-03-22T16:10:20","date_gmt":"2024-03-22T15:10:20","guid":{"rendered":"https:\/\/abinox-chr-clim.com\/index.php\/product\/minuteur-aimante-hygiplas\/"},"modified":"2026-04-02T08:42:47","modified_gmt":"2026-04-02T06:42:47","slug":"minuteur-aimante-hygiplas","status":"publish","type":"product","link":"https:\/\/abinox-chr-clim.com\/index.php\/product\/minuteur-aimante-hygiplas\/","title":{"rendered":"Minuteur aimant\u00e9 Hygiplas"},"content":{"rendered":"<p>Alarme num\u00e9rique avec grand \u00e9cran et support pliant. Heures et minutes ou minutes et secondes. N\u00e9cessite 1 pile AA (fournie).<br \/>Le support pliable permet de placer la minuterie sur n&rsquo;importe quel plan de travail. L&rsquo;aimant arri\u00e8re se fixe facilement aux portes du r\u00e9frig\u00e9rateur ou du cong\u00e9lateur. Clip de poche pour emporter votre minuteur lors de vos d\u00e9placements. L&rsquo;alarme sonore de 70-75 db est facile \u00e0 entendre lorsque vous travaillez sur d&rsquo;autres t\u00e2ches. Compte \u00e0 rebours de 99 minutes 59 secondes, id\u00e9al pour chronom\u00e9trer les t\u00e2ches de cuisine plus longues. Le panneau de commande \u00e0 trois boutons est simple et rapide \u00e0 configurer. L&rsquo;affichage num\u00e9rique, grand et clair, permet de suivre facilement l&rsquo;heure. Fonctionne avec une pile AA (fournie).Le support pliable permet de placer la minuterie sur n&rsquo;importe quel plan de travail.<\/p>\n<p>Caract\u00e9ristiques :<br \/> Dimensions : 63(H) x 63(L) x 15(P) mm.<br \/> Mati\u00e8re : .<br \/> Couleur : Blanc.<\/p>\n","protected":false},"excerpt":{"rendered":"<p>Minuteur aimant\u00e9 Hygiplas<\/p>\n","protected":false},"featured_media":91888,"comment_status":"closed","ping_status":"closed","template":"","meta":[],"product_brand":[],"product_cat":[1064,1297,1098,1104],"product_tag":[],"class_list":{"0":"post-68323","1":"product","2":"type-product","3":"status-publish","4":"has-post-thumbnail","6":"product_cat-cuisine","7":"product_cat-non-palettisable","8":"product_cat-ustensiles-cuisine","9":"product_cat-ustensiles-de-cuisine","10":"product_shipping_class-free-shipping","12":"first","13":"instock","14":"featured","15":"taxable","16":"shipping-taxable","17":"purchasable","18":"product-type-simple"},"_links":{"self":[{"href":"https:\/\/abinox-chr-clim.com\/index.php\/wp-json\/wp\/v2\/product\/68323","targetHints":{"allow":["GET"]}}],"collection":[{"href":"https:\/\/abinox-chr-clim.com\/index.php\/wp-json\/wp\/v2\/product"}],"about":[{"href":"https:\/\/abinox-chr-clim.com\/index.php\/wp-json\/wp\/v2\/types\/product"}],"replies":[{"embeddable":true,"href":"https:\/\/abinox-chr-clim.com\/index.php\/wp-json\/wp\/v2\/comments?post=68323"}],"wp:featuredmedia":[{"embeddable":true,"href":"https:\/\/abinox-chr-clim.com\/index.php\/wp-json\/wp\/v2\/media\/91888"}],"wp:attachment":[{"href":"https:\/\/abinox-chr-clim.com\/index.php\/wp-json\/wp\/v2\/media?parent=68323"}],"wp:term":[{"taxonomy":"product_brand","embeddable":true,"href":"https:\/\/abinox-chr-clim.com\/index.php\/wp-json\/wp\/v2\/product_brand?post=68323"},{"taxonomy":"product_cat","embeddable":true,"href":"https:\/\/abinox-chr-clim.com\/index.php\/wp-json\/wp\/v2\/product_cat?post=68323"},{"taxonomy":"product_tag","embeddable":true,"href":"https:\/\/abinox-chr-clim.com\/index.php\/wp-json\/wp\/v2\/product_tag?post=68323"}],"curies":[{"name":"wp","href":"https:\/\/api.w.org\/{rel}","templated":true}]}}