{"id":68322,"date":"2024-03-22T16:10:20","date_gmt":"2024-03-22T15:10:20","guid":{"rendered":"https:\/\/abinox-chr-clim.com\/index.php\/product\/pelle-a-frites-pour-mesurer-les-portions-vogue-double-poignee\/"},"modified":"2026-04-02T08:42:45","modified_gmt":"2026-04-02T06:42:45","slug":"pelle-a-frites-pour-mesurer-les-portions-vogue-double-poignee","status":"publish","type":"product","link":"https:\/\/abinox-chr-clim.com\/index.php\/product\/pelle-a-frites-pour-mesurer-les-portions-vogue-double-poignee\/","title":{"rendered":"Pelle \u00e0 frites pour mesurer les portions Vogue double poign\u00e9e"},"content":{"rendered":"<p>En plastique ABS r\u00e9sistant \u00e0 la chaleur. Poign\u00e9e double pour une utilisation facile.<br \/>Con\u00e7ue pour une rapidit\u00e9 et une facilit\u00e9 d&rsquo;utilisation optimales, elle permet de ramasser et d&rsquo;ensacher les frites en un seul mouvement. Parfait pour une utilisation avec les bacs \u00e0 frites, id\u00e9al pour les environnements commerciaux. La conception \u00e0 double poign\u00e9e offre une plus grande stabilit\u00e9. Grande ouverture pour ramasser les frites de toutes formes et de toutes tailles. Conception efficace permettant de r\u00e9duire le temps de pr\u00e9paration des aliments.  Con\u00e7ue pour une rapidit\u00e9 et une facilit\u00e9 d&rsquo;utilisation optimales, elle permet de ramasser et d&rsquo;ensacher les frites en un seul mouvement.<\/p>\n<p>Caract\u00e9ristiques :<br \/> Mati\u00e8re : En plastique ABS r\u00e9sistant \u00e0 la chaleur.<br \/> Couleur : Gris.<\/p>\n","protected":false},"excerpt":{"rendered":"<p>Pelle \u00e0 frites pour mesurer les portions Vogue double poign\u00e9e<\/p>\n","protected":false},"featured_media":91900,"comment_status":"closed","ping_status":"closed","template":"","meta":[],"product_brand":[],"product_cat":[1064,1297,1098,1104],"product_tag":[],"class_list":{"0":"post-68322","1":"product","2":"type-product","3":"status-publish","4":"has-post-thumbnail","6":"product_cat-cuisine","7":"product_cat-non-palettisable","8":"product_cat-ustensiles-cuisine","9":"product_cat-ustensiles-de-cuisine","10":"product_shipping_class-free-shipping","12":"first","13":"instock","14":"featured","15":"taxable","16":"shipping-taxable","17":"purchasable","18":"product-type-simple"},"_links":{"self":[{"href":"https:\/\/abinox-chr-clim.com\/index.php\/wp-json\/wp\/v2\/product\/68322","targetHints":{"allow":["GET"]}}],"collection":[{"href":"https:\/\/abinox-chr-clim.com\/index.php\/wp-json\/wp\/v2\/product"}],"about":[{"href":"https:\/\/abinox-chr-clim.com\/index.php\/wp-json\/wp\/v2\/types\/product"}],"replies":[{"embeddable":true,"href":"https:\/\/abinox-chr-clim.com\/index.php\/wp-json\/wp\/v2\/comments?post=68322"}],"wp:featuredmedia":[{"embeddable":true,"href":"https:\/\/abinox-chr-clim.com\/index.php\/wp-json\/wp\/v2\/media\/91900"}],"wp:attachment":[{"href":"https:\/\/abinox-chr-clim.com\/index.php\/wp-json\/wp\/v2\/media?parent=68322"}],"wp:term":[{"taxonomy":"product_brand","embeddable":true,"href":"https:\/\/abinox-chr-clim.com\/index.php\/wp-json\/wp\/v2\/product_brand?post=68322"},{"taxonomy":"product_cat","embeddable":true,"href":"https:\/\/abinox-chr-clim.com\/index.php\/wp-json\/wp\/v2\/product_cat?post=68322"},{"taxonomy":"product_tag","embeddable":true,"href":"https:\/\/abinox-chr-clim.com\/index.php\/wp-json\/wp\/v2\/product_tag?post=68322"}],"curies":[{"name":"wp","href":"https:\/\/api.w.org\/{rel}","templated":true}]}}