{"id":68321,"date":"2024-03-22T16:10:20","date_gmt":"2024-03-22T15:10:20","guid":{"rendered":"https:\/\/abinox-chr-clim.com\/index.php\/product\/spatule-geante-inox-vogue-pleine\/"},"modified":"2026-04-02T08:42:44","modified_gmt":"2026-04-02T06:42:44","slug":"spatule-geante-inox-vogue-pleine","status":"publish","type":"product","link":"https:\/\/abinox-chr-clim.com\/index.php\/product\/spatule-geante-inox-vogue-pleine\/","title":{"rendered":"Spatule g\u00e9ante inox Vogue &#8211; Pleine"},"content":{"rendered":"<p>Spatule inox, id\u00e9ale pour les marmites profondes.<br \/>Le long manche permet d&rsquo;atteindre le fond des marmites profondes. Construction solide et tr\u00e8s durable. Permet de m\u00e9langer de grandes quantit\u00e9s de pr\u00e9parations. Id\u00e9ale pour les cuisines de collectivit\u00e9s (\u00e9coles, h\u00f4pitaux et cantines). Aide \u00e0 garantir une distribution uniforme de la chaleur.  Le long manche permet d&rsquo;atteindre le fond des marmites profondes.<\/p>\n<p>Caract\u00e9ristiques :<br \/> Dimensions : 915(L) mm.<br \/> Mati\u00e8re : Acier inoxydable.<br \/> Couleur : Argent.<\/p>\n","protected":false},"excerpt":{"rendered":"<p>Spatule g\u00e9ante inox Vogue &#8211; Pleine<\/p>\n","protected":false},"featured_media":91906,"comment_status":"closed","ping_status":"closed","template":"","meta":[],"product_brand":[],"product_cat":[1064,1297,1098,1104],"product_tag":[],"class_list":{"0":"post-68321","1":"product","2":"type-product","3":"status-publish","4":"has-post-thumbnail","6":"product_cat-cuisine","7":"product_cat-non-palettisable","8":"product_cat-ustensiles-cuisine","9":"product_cat-ustensiles-de-cuisine","10":"product_shipping_class-free-shipping","12":"first","13":"instock","14":"featured","15":"taxable","16":"shipping-taxable","17":"purchasable","18":"product-type-simple"},"_links":{"self":[{"href":"https:\/\/abinox-chr-clim.com\/index.php\/wp-json\/wp\/v2\/product\/68321","targetHints":{"allow":["GET"]}}],"collection":[{"href":"https:\/\/abinox-chr-clim.com\/index.php\/wp-json\/wp\/v2\/product"}],"about":[{"href":"https:\/\/abinox-chr-clim.com\/index.php\/wp-json\/wp\/v2\/types\/product"}],"replies":[{"embeddable":true,"href":"https:\/\/abinox-chr-clim.com\/index.php\/wp-json\/wp\/v2\/comments?post=68321"}],"wp:featuredmedia":[{"embeddable":true,"href":"https:\/\/abinox-chr-clim.com\/index.php\/wp-json\/wp\/v2\/media\/91906"}],"wp:attachment":[{"href":"https:\/\/abinox-chr-clim.com\/index.php\/wp-json\/wp\/v2\/media?parent=68321"}],"wp:term":[{"taxonomy":"product_brand","embeddable":true,"href":"https:\/\/abinox-chr-clim.com\/index.php\/wp-json\/wp\/v2\/product_brand?post=68321"},{"taxonomy":"product_cat","embeddable":true,"href":"https:\/\/abinox-chr-clim.com\/index.php\/wp-json\/wp\/v2\/product_cat?post=68321"},{"taxonomy":"product_tag","embeddable":true,"href":"https:\/\/abinox-chr-clim.com\/index.php\/wp-json\/wp\/v2\/product_tag?post=68321"}],"curies":[{"name":"wp","href":"https:\/\/api.w.org\/{rel}","templated":true}]}}