{"id":68316,"date":"2024-03-22T16:10:15","date_gmt":"2024-03-22T15:10:15","guid":{"rendered":"https:\/\/abinox-chr-clim.com\/index.php\/product\/fouet-vogue\/"},"modified":"2026-04-02T08:42:35","modified_gmt":"2026-04-02T06:42:35","slug":"fouet-vogue","status":"publish","type":"product","link":"https:\/\/abinox-chr-clim.com\/index.php\/product\/fouet-vogue\/","title":{"rendered":"Fouet Vogue"},"content":{"rendered":"<p>Fouet inox Vogue, id\u00e9al pour les marmites profondes.<br \/>Renforc\u00e9 pour une durabilit\u00e9 \u00e0 long terme. Longueur plus grande pour les grands r\u00e9cipients. Id\u00e9al pour la restauration collective telle que les \u00e9coles et les cantines. Parfait comme ustensile de m\u00e9lange principal, ou comme ustensile de secours en cas de panne de machine.Construction en acier inoxydable &#8211; facile \u00e0 nettoyer.  Renforc\u00e9 pour une durabilit\u00e9 \u00e0 long terme.<\/p>\n<p>Caract\u00e9ristiques :<br \/> Dimensions : 1016(L) mm.<br \/> Mati\u00e8re : Acier inoxydable.<br \/> Couleur : Argent.<\/p>\n","protected":false},"excerpt":{"rendered":"<p>Fouet Vogue<\/p>\n","protected":false},"featured_media":91916,"comment_status":"closed","ping_status":"closed","template":"","meta":[],"product_brand":[],"product_cat":[1064,1297,1098,1104],"product_tag":[],"class_list":{"0":"post-68316","1":"product","2":"type-product","3":"status-publish","4":"has-post-thumbnail","6":"product_cat-cuisine","7":"product_cat-non-palettisable","8":"product_cat-ustensiles-cuisine","9":"product_cat-ustensiles-de-cuisine","10":"product_shipping_class-free-shipping","12":"first","13":"instock","14":"featured","15":"taxable","16":"shipping-taxable","17":"purchasable","18":"product-type-simple"},"_links":{"self":[{"href":"https:\/\/abinox-chr-clim.com\/index.php\/wp-json\/wp\/v2\/product\/68316","targetHints":{"allow":["GET"]}}],"collection":[{"href":"https:\/\/abinox-chr-clim.com\/index.php\/wp-json\/wp\/v2\/product"}],"about":[{"href":"https:\/\/abinox-chr-clim.com\/index.php\/wp-json\/wp\/v2\/types\/product"}],"replies":[{"embeddable":true,"href":"https:\/\/abinox-chr-clim.com\/index.php\/wp-json\/wp\/v2\/comments?post=68316"}],"wp:featuredmedia":[{"embeddable":true,"href":"https:\/\/abinox-chr-clim.com\/index.php\/wp-json\/wp\/v2\/media\/91916"}],"wp:attachment":[{"href":"https:\/\/abinox-chr-clim.com\/index.php\/wp-json\/wp\/v2\/media?parent=68316"}],"wp:term":[{"taxonomy":"product_brand","embeddable":true,"href":"https:\/\/abinox-chr-clim.com\/index.php\/wp-json\/wp\/v2\/product_brand?post=68316"},{"taxonomy":"product_cat","embeddable":true,"href":"https:\/\/abinox-chr-clim.com\/index.php\/wp-json\/wp\/v2\/product_cat?post=68316"},{"taxonomy":"product_tag","embeddable":true,"href":"https:\/\/abinox-chr-clim.com\/index.php\/wp-json\/wp\/v2\/product_tag?post=68316"}],"curies":[{"name":"wp","href":"https:\/\/api.w.org\/{rel}","templated":true}]}}