{"id":68312,"date":"2024-03-22T16:10:13","date_gmt":"2024-03-22T15:10:13","guid":{"rendered":"https:\/\/abinox-chr-clim.com\/index.php\/product\/mandoline-revolution-master-de-buyer\/"},"modified":"2026-04-02T08:42:14","modified_gmt":"2026-04-02T06:42:14","slug":"mandoline-revolution-master-de-buyer","status":"publish","type":"product","link":"https:\/\/abinox-chr-clim.com\/index.php\/product\/mandoline-revolution-master-de-buyer\/","title":{"rendered":"Mandoline Revolution Master De Buyer"},"content":{"rendered":"<p>Double lame horizontale (lisse et ondul\u00e9e) et 6 peignes julienne 2-3-4-5-7 et 10mm. Indispensable en cuisine. Coupe fruits et l\u00e9gumes selon vos besoins. R\u00e9sistante et durable. Facile \u00e0 utiliser. Avec contr\u00f4le de rotation du poussoir.  Double lame horizontale (lisse et ondul\u00e9e) et 6 peignes julienne 2-3-4-5-7 et 10mm.<\/p>\n<p>Caract\u00e9ristiques :<br \/> Dimensions : 180(L) x 390(L) mm.<br \/> Mati\u00e8re : Acier inoxydable<\/p>\n","protected":false},"excerpt":{"rendered":"<p>Mandoline Revolution Master De Buyer<\/p>\n","protected":false},"featured_media":103141,"comment_status":"closed","ping_status":"closed","template":"","meta":[],"product_brand":[],"product_cat":[1064,1297,1098,1104],"product_tag":[],"class_list":{"0":"post-68312","1":"product","2":"type-product","3":"status-publish","4":"has-post-thumbnail","6":"product_cat-cuisine","7":"product_cat-non-palettisable","8":"product_cat-ustensiles-cuisine","9":"product_cat-ustensiles-de-cuisine","10":"product_shipping_class-free-shipping","12":"first","13":"instock","14":"featured","15":"taxable","16":"shipping-taxable","17":"purchasable","18":"product-type-simple"},"_links":{"self":[{"href":"https:\/\/abinox-chr-clim.com\/index.php\/wp-json\/wp\/v2\/product\/68312","targetHints":{"allow":["GET"]}}],"collection":[{"href":"https:\/\/abinox-chr-clim.com\/index.php\/wp-json\/wp\/v2\/product"}],"about":[{"href":"https:\/\/abinox-chr-clim.com\/index.php\/wp-json\/wp\/v2\/types\/product"}],"replies":[{"embeddable":true,"href":"https:\/\/abinox-chr-clim.com\/index.php\/wp-json\/wp\/v2\/comments?post=68312"}],"wp:featuredmedia":[{"embeddable":true,"href":"https:\/\/abinox-chr-clim.com\/index.php\/wp-json\/wp\/v2\/media\/103141"}],"wp:attachment":[{"href":"https:\/\/abinox-chr-clim.com\/index.php\/wp-json\/wp\/v2\/media?parent=68312"}],"wp:term":[{"taxonomy":"product_brand","embeddable":true,"href":"https:\/\/abinox-chr-clim.com\/index.php\/wp-json\/wp\/v2\/product_brand?post=68312"},{"taxonomy":"product_cat","embeddable":true,"href":"https:\/\/abinox-chr-clim.com\/index.php\/wp-json\/wp\/v2\/product_cat?post=68312"},{"taxonomy":"product_tag","embeddable":true,"href":"https:\/\/abinox-chr-clim.com\/index.php\/wp-json\/wp\/v2\/product_tag?post=68312"}],"curies":[{"name":"wp","href":"https:\/\/api.w.org\/{rel}","templated":true}]}}