{"id":68311,"date":"2024-03-22T16:10:13","date_gmt":"2024-03-22T15:10:13","guid":{"rendered":"https:\/\/abinox-chr-clim.com\/index.php\/product\/chinois-passe-sauce-exoglass-matfer-bourgeat-255mm\/"},"modified":"2026-04-02T10:00:53","modified_gmt":"2026-04-02T08:00:53","slug":"chinois-passe-sauce-exoglass-matfer-bourgeat-255mm","status":"publish","type":"product","link":"https:\/\/abinox-chr-clim.com\/index.php\/product\/chinois-passe-sauce-exoglass-matfer-bourgeat-255mm\/","title":{"rendered":"Chinois \/ passe-sauce Exoglass Matfer Bourgeat 255mm"},"content":{"rendered":"<p>Toile fine en maille inox triple. Manche ergonomique et confortable, thermo-isolant.<br \/>Passe-sauce stable gr\u00e2ce aux 2 pattes d&rsquo;appui.Manche et corps monobloc, solide et ind\u00e9formable. Maille triple fine du tamis en inox. Solidit\u00e9 des croisillons de renfort en fil d&rsquo;acier inoxydable. Manche isolant de la chaleur. Manche plein ergonomique.Passe-sauce stable gr\u00e2ce aux 2 pattes d&rsquo;appui.<\/p>\n<p>Caract\u00e9ristiques :<br \/> Dimensions : 270(H) x 490(L) x 270(P) mm.<br \/> Mati\u00e8re : Exoglass et inox.<br \/> Couleur : Noir et gris.<\/p>\n","protected":false},"excerpt":{"rendered":"<p>Chinois \/ passe-sauce Exoglass Matfer Bourgeat 255mm<\/p>\n","protected":false},"featured_media":92463,"comment_status":"closed","ping_status":"closed","template":"","meta":[],"product_brand":[],"product_cat":[1064,1297,1098,1104],"product_tag":[],"class_list":{"0":"post-68311","1":"product","2":"type-product","3":"status-publish","4":"has-post-thumbnail","6":"product_cat-cuisine","7":"product_cat-non-palettisable","8":"product_cat-ustensiles-cuisine","9":"product_cat-ustensiles-de-cuisine","10":"product_shipping_class-free-shipping","12":"first","13":"instock","14":"featured","15":"taxable","16":"shipping-taxable","17":"purchasable","18":"product-type-simple"},"_links":{"self":[{"href":"https:\/\/abinox-chr-clim.com\/index.php\/wp-json\/wp\/v2\/product\/68311","targetHints":{"allow":["GET"]}}],"collection":[{"href":"https:\/\/abinox-chr-clim.com\/index.php\/wp-json\/wp\/v2\/product"}],"about":[{"href":"https:\/\/abinox-chr-clim.com\/index.php\/wp-json\/wp\/v2\/types\/product"}],"replies":[{"embeddable":true,"href":"https:\/\/abinox-chr-clim.com\/index.php\/wp-json\/wp\/v2\/comments?post=68311"}],"wp:featuredmedia":[{"embeddable":true,"href":"https:\/\/abinox-chr-clim.com\/index.php\/wp-json\/wp\/v2\/media\/92463"}],"wp:attachment":[{"href":"https:\/\/abinox-chr-clim.com\/index.php\/wp-json\/wp\/v2\/media?parent=68311"}],"wp:term":[{"taxonomy":"product_brand","embeddable":true,"href":"https:\/\/abinox-chr-clim.com\/index.php\/wp-json\/wp\/v2\/product_brand?post=68311"},{"taxonomy":"product_cat","embeddable":true,"href":"https:\/\/abinox-chr-clim.com\/index.php\/wp-json\/wp\/v2\/product_cat?post=68311"},{"taxonomy":"product_tag","embeddable":true,"href":"https:\/\/abinox-chr-clim.com\/index.php\/wp-json\/wp\/v2\/product_tag?post=68311"}],"curies":[{"name":"wp","href":"https:\/\/api.w.org\/{rel}","templated":true}]}}