{"id":68310,"date":"2024-03-22T16:10:12","date_gmt":"2024-03-22T15:10:12","guid":{"rendered":"https:\/\/abinox-chr-clim.com\/index.php\/product\/coupe-legumes-manuel-dynacoupe-avec-2-disques-eminceur-et-rape-dynamic\/"},"modified":"2026-04-02T09:39:05","modified_gmt":"2026-04-02T07:39:05","slug":"coupe-legumes-manuel-dynacoupe-avec-2-disques-eminceur-et-rape-dynamic","status":"publish","type":"product","link":"https:\/\/abinox-chr-clim.com\/index.php\/product\/coupe-legumes-manuel-dynacoupe-avec-2-disques-eminceur-et-rape-dynamic\/","title":{"rendered":"Coupe-l\u00e9gumes manuel Dynacoupe avec 2 disques \u00e9minceur et r\u00e2pe Dynamic"},"content":{"rendered":"<p>Livr\u00e9 avec 2 disques : 1 disque \u00e0 \u00e9mincer 3mm et 1 disque \u00e0 r\u00e2per 3mm. Disques en acier inoxydable. Disques faciles \u00e0 retirer et \u00e0 nettoyer. Conception extr\u00eamement s\u00fbre, les mains n&rsquo;ayant aucun contact avec les disques. R\u00e9sultats nets et pr\u00e9cis. Op\u00e9ration enti\u00e8rement manuelle. Efficace et s\u00fbr. Non compatible lave-vaisselle.Livr\u00e9 avec 2 disques : 1 disque \u00e0 \u00e9mincer 3mm et 1 disque \u00e0 r\u00e2per 3mm.<\/p>\n<p>Caract\u00e9ristiques :<br \/> Dimensions : 260(H) mm.<\/p>\n","protected":false},"excerpt":{"rendered":"<p>Coupe-l\u00e9gumes manuel Dynacoupe avec 2 disques \u00e9minceur et r\u00e2pe Dynamic<\/p>\n","protected":false},"featured_media":104892,"comment_status":"closed","ping_status":"closed","template":"","meta":[],"product_brand":[],"product_cat":[1064,1297,1098,1104],"product_tag":[],"class_list":{"0":"post-68310","1":"product","2":"type-product","3":"status-publish","4":"has-post-thumbnail","6":"product_cat-cuisine","7":"product_cat-non-palettisable","8":"product_cat-ustensiles-cuisine","9":"product_cat-ustensiles-de-cuisine","10":"product_shipping_class-free-shipping","12":"first","13":"instock","14":"featured","15":"taxable","16":"shipping-taxable","17":"purchasable","18":"product-type-simple"},"_links":{"self":[{"href":"https:\/\/abinox-chr-clim.com\/index.php\/wp-json\/wp\/v2\/product\/68310","targetHints":{"allow":["GET"]}}],"collection":[{"href":"https:\/\/abinox-chr-clim.com\/index.php\/wp-json\/wp\/v2\/product"}],"about":[{"href":"https:\/\/abinox-chr-clim.com\/index.php\/wp-json\/wp\/v2\/types\/product"}],"replies":[{"embeddable":true,"href":"https:\/\/abinox-chr-clim.com\/index.php\/wp-json\/wp\/v2\/comments?post=68310"}],"wp:featuredmedia":[{"embeddable":true,"href":"https:\/\/abinox-chr-clim.com\/index.php\/wp-json\/wp\/v2\/media\/104892"}],"wp:attachment":[{"href":"https:\/\/abinox-chr-clim.com\/index.php\/wp-json\/wp\/v2\/media?parent=68310"}],"wp:term":[{"taxonomy":"product_brand","embeddable":true,"href":"https:\/\/abinox-chr-clim.com\/index.php\/wp-json\/wp\/v2\/product_brand?post=68310"},{"taxonomy":"product_cat","embeddable":true,"href":"https:\/\/abinox-chr-clim.com\/index.php\/wp-json\/wp\/v2\/product_cat?post=68310"},{"taxonomy":"product_tag","embeddable":true,"href":"https:\/\/abinox-chr-clim.com\/index.php\/wp-json\/wp\/v2\/product_tag?post=68310"}],"curies":[{"name":"wp","href":"https:\/\/api.w.org\/{rel}","templated":true}]}}