{"id":68309,"date":"2024-03-22T16:10:12","date_gmt":"2024-03-22T15:10:12","guid":{"rendered":"https:\/\/abinox-chr-clim.com\/index.php\/product\/presse-citrons-verts\/"},"modified":"2026-04-02T08:41:04","modified_gmt":"2026-04-02T06:41:04","slug":"presse-citrons-verts","status":"publish","type":"product","link":"https:\/\/abinox-chr-clim.com\/index.php\/product\/presse-citrons-verts\/","title":{"rendered":"Presse-citrons verts"},"content":{"rendered":"<p>Couleur : noir. Id\u00e9al pour les citrons verts et petits citrons. Couper les plus gros agrumes pour les adapter au presse-citron. Construction en alliage d&rsquo;aluminium solide et tr\u00e8s durable. Finition noire \u00e9l\u00e9gante.  Couleur : noir.<\/p>\n<p>Caract\u00e9ristiques :<br \/> Dimensions : 50(H) x 210(L) x 70(P) mm.<br \/> Mati\u00e8re : Aluminium<\/p>\n","protected":false},"excerpt":{"rendered":"<p>Presse-citrons verts<\/p>\n","protected":false},"featured_media":92750,"comment_status":"closed","ping_status":"closed","template":"","meta":[],"product_brand":[],"product_cat":[1064,1297,1098,1104],"product_tag":[],"class_list":{"0":"post-68309","1":"product","2":"type-product","3":"status-publish","4":"has-post-thumbnail","6":"product_cat-cuisine","7":"product_cat-non-palettisable","8":"product_cat-ustensiles-cuisine","9":"product_cat-ustensiles-de-cuisine","10":"product_shipping_class-free-shipping","12":"first","13":"instock","14":"featured","15":"taxable","16":"shipping-taxable","17":"purchasable","18":"product-type-simple"},"_links":{"self":[{"href":"https:\/\/abinox-chr-clim.com\/index.php\/wp-json\/wp\/v2\/product\/68309","targetHints":{"allow":["GET"]}}],"collection":[{"href":"https:\/\/abinox-chr-clim.com\/index.php\/wp-json\/wp\/v2\/product"}],"about":[{"href":"https:\/\/abinox-chr-clim.com\/index.php\/wp-json\/wp\/v2\/types\/product"}],"replies":[{"embeddable":true,"href":"https:\/\/abinox-chr-clim.com\/index.php\/wp-json\/wp\/v2\/comments?post=68309"}],"wp:featuredmedia":[{"embeddable":true,"href":"https:\/\/abinox-chr-clim.com\/index.php\/wp-json\/wp\/v2\/media\/92750"}],"wp:attachment":[{"href":"https:\/\/abinox-chr-clim.com\/index.php\/wp-json\/wp\/v2\/media?parent=68309"}],"wp:term":[{"taxonomy":"product_brand","embeddable":true,"href":"https:\/\/abinox-chr-clim.com\/index.php\/wp-json\/wp\/v2\/product_brand?post=68309"},{"taxonomy":"product_cat","embeddable":true,"href":"https:\/\/abinox-chr-clim.com\/index.php\/wp-json\/wp\/v2\/product_cat?post=68309"},{"taxonomy":"product_tag","embeddable":true,"href":"https:\/\/abinox-chr-clim.com\/index.php\/wp-json\/wp\/v2\/product_tag?post=68309"}],"curies":[{"name":"wp","href":"https:\/\/api.w.org\/{rel}","templated":true}]}}