{"id":68301,"date":"2024-03-22T16:10:09","date_gmt":"2024-03-22T15:10:09","guid":{"rendered":"https:\/\/abinox-chr-clim.com\/index.php\/product\/ciseaux-hygiplas-rouges\/"},"modified":"2026-04-02T08:40:55","modified_gmt":"2026-04-02T06:40:55","slug":"ciseaux-hygiplas-rouges","status":"publish","type":"product","link":"https:\/\/abinox-chr-clim.com\/index.php\/product\/ciseaux-hygiplas-rouges\/","title":{"rendered":"Ciseaux Hygiplas rouges"},"content":{"rendered":"<p>Ciseaux \u00e0 codes couleurs pour \u00e9viter toute contamination crois\u00e9e lors de la pr\u00e9paration alimentaire. En acier inoxydable avec anneaux en plastique.<br \/>La couleur rouge est con\u00e7ue pour \u00eatre utilis\u00e9e avec de la viande crue. L&rsquo;acier inoxydable de haute qualit\u00e9 offre une excellente durabilit\u00e9. Les lames aff\u00fbt\u00e9es tranchent les produits avec facilit\u00e9. La poign\u00e9e ergonomique assure une utilisation confortable. La couleur rouge est con\u00e7ue pour \u00eatre utilis\u00e9e avec de la viande crue.<\/p>\n<p>Caract\u00e9ristiques :<br \/> Dimensions : 203(L) mm.<br \/> Mati\u00e8re : Inox.<br \/> Couleur : Rouge.<\/p>\n","protected":false},"excerpt":{"rendered":"<p>Ciseaux Hygiplas rouges<\/p>\n","protected":false},"featured_media":92838,"comment_status":"closed","ping_status":"closed","template":"","meta":[],"product_brand":[],"product_cat":[1064,1297,1098,1104],"product_tag":[],"class_list":{"0":"post-68301","1":"product","2":"type-product","3":"status-publish","4":"has-post-thumbnail","6":"product_cat-cuisine","7":"product_cat-non-palettisable","8":"product_cat-ustensiles-cuisine","9":"product_cat-ustensiles-de-cuisine","10":"product_shipping_class-free-shipping","12":"first","13":"instock","14":"featured","15":"taxable","16":"shipping-taxable","17":"purchasable","18":"product-type-simple"},"_links":{"self":[{"href":"https:\/\/abinox-chr-clim.com\/index.php\/wp-json\/wp\/v2\/product\/68301","targetHints":{"allow":["GET"]}}],"collection":[{"href":"https:\/\/abinox-chr-clim.com\/index.php\/wp-json\/wp\/v2\/product"}],"about":[{"href":"https:\/\/abinox-chr-clim.com\/index.php\/wp-json\/wp\/v2\/types\/product"}],"replies":[{"embeddable":true,"href":"https:\/\/abinox-chr-clim.com\/index.php\/wp-json\/wp\/v2\/comments?post=68301"}],"wp:featuredmedia":[{"embeddable":true,"href":"https:\/\/abinox-chr-clim.com\/index.php\/wp-json\/wp\/v2\/media\/92838"}],"wp:attachment":[{"href":"https:\/\/abinox-chr-clim.com\/index.php\/wp-json\/wp\/v2\/media?parent=68301"}],"wp:term":[{"taxonomy":"product_brand","embeddable":true,"href":"https:\/\/abinox-chr-clim.com\/index.php\/wp-json\/wp\/v2\/product_brand?post=68301"},{"taxonomy":"product_cat","embeddable":true,"href":"https:\/\/abinox-chr-clim.com\/index.php\/wp-json\/wp\/v2\/product_cat?post=68301"},{"taxonomy":"product_tag","embeddable":true,"href":"https:\/\/abinox-chr-clim.com\/index.php\/wp-json\/wp\/v2\/product_tag?post=68301"}],"curies":[{"name":"wp","href":"https:\/\/api.w.org\/{rel}","templated":true}]}}