{"id":68299,"date":"2024-03-22T16:10:08","date_gmt":"2024-03-22T15:10:08","guid":{"rendered":"https:\/\/abinox-chr-clim.com\/index.php\/product\/rape-etroite-vogue-grains-fins\/"},"modified":"2026-04-02T08:40:52","modified_gmt":"2026-04-02T06:40:52","slug":"rape-etroite-vogue-grains-fins","status":"publish","type":"product","link":"https:\/\/abinox-chr-clim.com\/index.php\/product\/rape-etroite-vogue-grains-fins\/","title":{"rendered":"R\u00e2pe \u00e9troite Vogue grains fins"},"content":{"rendered":"<p>L&rsquo;acier inoxydable est solide. Lame durable pour des r\u00e9sultats de coupe rapides et pr\u00e9cis. Manche en propyl\u00e8ne pour une prise en main facile. Lame \u00e9troite pour r\u00e2per facilement. Trou dans le manche pour le suspendre.  L&rsquo;acier inoxydable est solide.<\/p>\n<p>Caract\u00e9ristiques :<br \/> Mati\u00e8re : Inox<\/p>\n","protected":false},"excerpt":{"rendered":"<p>R\u00e2pe \u00e9troite Vogue grains fins<\/p>\n","protected":false},"featured_media":92849,"comment_status":"closed","ping_status":"closed","template":"","meta":[],"product_brand":[],"product_cat":[1064,1297,1098,1104],"product_tag":[],"class_list":{"0":"post-68299","1":"product","2":"type-product","3":"status-publish","4":"has-post-thumbnail","6":"product_cat-cuisine","7":"product_cat-non-palettisable","8":"product_cat-ustensiles-cuisine","9":"product_cat-ustensiles-de-cuisine","10":"product_shipping_class-free-shipping","12":"first","13":"instock","14":"featured","15":"taxable","16":"shipping-taxable","17":"purchasable","18":"product-type-simple"},"_links":{"self":[{"href":"https:\/\/abinox-chr-clim.com\/index.php\/wp-json\/wp\/v2\/product\/68299","targetHints":{"allow":["GET"]}}],"collection":[{"href":"https:\/\/abinox-chr-clim.com\/index.php\/wp-json\/wp\/v2\/product"}],"about":[{"href":"https:\/\/abinox-chr-clim.com\/index.php\/wp-json\/wp\/v2\/types\/product"}],"replies":[{"embeddable":true,"href":"https:\/\/abinox-chr-clim.com\/index.php\/wp-json\/wp\/v2\/comments?post=68299"}],"wp:featuredmedia":[{"embeddable":true,"href":"https:\/\/abinox-chr-clim.com\/index.php\/wp-json\/wp\/v2\/media\/92849"}],"wp:attachment":[{"href":"https:\/\/abinox-chr-clim.com\/index.php\/wp-json\/wp\/v2\/media?parent=68299"}],"wp:term":[{"taxonomy":"product_brand","embeddable":true,"href":"https:\/\/abinox-chr-clim.com\/index.php\/wp-json\/wp\/v2\/product_brand?post=68299"},{"taxonomy":"product_cat","embeddable":true,"href":"https:\/\/abinox-chr-clim.com\/index.php\/wp-json\/wp\/v2\/product_cat?post=68299"},{"taxonomy":"product_tag","embeddable":true,"href":"https:\/\/abinox-chr-clim.com\/index.php\/wp-json\/wp\/v2\/product_tag?post=68299"}],"curies":[{"name":"wp","href":"https:\/\/api.w.org\/{rel}","templated":true}]}}