{"id":68297,"date":"2024-03-22T16:10:08","date_gmt":"2024-03-22T15:10:08","guid":{"rendered":"https:\/\/abinox-chr-clim.com\/index.php\/product\/rape-manuelle-4-faces-vogue\/"},"modified":"2026-04-02T08:40:50","modified_gmt":"2026-04-02T06:40:50","slug":"rape-manuelle-4-faces-vogue","status":"publish","type":"product","link":"https:\/\/abinox-chr-clim.com\/index.php\/product\/rape-manuelle-4-faces-vogue\/","title":{"rendered":"R\u00e2pe manuelle 4 faces Vogue"},"content":{"rendered":"<p>R\u00e2pe 4 faces pour permettre une vari\u00e9t\u00e9 de coupes.<br \/>Quatre motifs de r\u00e2page pour un choix de pr\u00e9sentations. L&rsquo;acier inoxydable est durable. Poign\u00e9e en ABS pour une prise en main confortable. Polyvalent &#8211; id\u00e9al pour une utilisation commerciale. Quatre motifs de r\u00e2page pour un choix de pr\u00e9sentations.<\/p>\n<p>Caract\u00e9ristiques :<br \/> Dimensions : 230(H) mm.<br \/> Mati\u00e8re : Acier inoxydable.<br \/> Couleur : Blanc.<\/p>\n","protected":false},"excerpt":{"rendered":"<p>R\u00e2pe manuelle 4 faces Vogue<\/p>\n","protected":false},"featured_media":92858,"comment_status":"closed","ping_status":"closed","template":"","meta":[],"product_brand":[],"product_cat":[1064,1297,1098,1104],"product_tag":[],"class_list":{"0":"post-68297","1":"product","2":"type-product","3":"status-publish","4":"has-post-thumbnail","6":"product_cat-cuisine","7":"product_cat-non-palettisable","8":"product_cat-ustensiles-cuisine","9":"product_cat-ustensiles-de-cuisine","10":"product_shipping_class-free-shipping","12":"first","13":"instock","14":"featured","15":"taxable","16":"shipping-taxable","17":"purchasable","18":"product-type-simple"},"_links":{"self":[{"href":"https:\/\/abinox-chr-clim.com\/index.php\/wp-json\/wp\/v2\/product\/68297","targetHints":{"allow":["GET"]}}],"collection":[{"href":"https:\/\/abinox-chr-clim.com\/index.php\/wp-json\/wp\/v2\/product"}],"about":[{"href":"https:\/\/abinox-chr-clim.com\/index.php\/wp-json\/wp\/v2\/types\/product"}],"replies":[{"embeddable":true,"href":"https:\/\/abinox-chr-clim.com\/index.php\/wp-json\/wp\/v2\/comments?post=68297"}],"wp:featuredmedia":[{"embeddable":true,"href":"https:\/\/abinox-chr-clim.com\/index.php\/wp-json\/wp\/v2\/media\/92858"}],"wp:attachment":[{"href":"https:\/\/abinox-chr-clim.com\/index.php\/wp-json\/wp\/v2\/media?parent=68297"}],"wp:term":[{"taxonomy":"product_brand","embeddable":true,"href":"https:\/\/abinox-chr-clim.com\/index.php\/wp-json\/wp\/v2\/product_brand?post=68297"},{"taxonomy":"product_cat","embeddable":true,"href":"https:\/\/abinox-chr-clim.com\/index.php\/wp-json\/wp\/v2\/product_cat?post=68297"},{"taxonomy":"product_tag","embeddable":true,"href":"https:\/\/abinox-chr-clim.com\/index.php\/wp-json\/wp\/v2\/product_tag?post=68297"}],"curies":[{"name":"wp","href":"https:\/\/api.w.org\/{rel}","templated":true}]}}