{"id":68290,"date":"2024-03-22T16:10:05","date_gmt":"2024-03-22T15:10:05","guid":{"rendered":"https:\/\/abinox-chr-clim.com\/index.php\/product\/allume-gaz-electrique-piezo-kitchen-craft\/"},"modified":"2026-04-02T09:52:32","modified_gmt":"2026-04-02T07:52:32","slug":"allume-gaz-electrique-piezo-kitchen-craft","status":"publish","type":"product","link":"https:\/\/abinox-chr-clim.com\/index.php\/product\/allume-gaz-electrique-piezo-kitchen-craft\/","title":{"rendered":"Allume-gaz \u00e9lectrique piezo Kitchen Craft"},"content":{"rendered":"<p>Allumez toutes sortes d&rsquo;appareils \u00e0 gaz avec cet allume-gaz \u00e9lectrique \u00e0 \u00e9tincelles multiples avec allumage pi\u00e9zo. Adapt\u00e9 \u00e0 une utilisation continue, il fonctionne sans piles ni combustible.<br \/>Facile \u00e0 utiliser. Essuyer uniquement. Ne n\u00e9cessite pas de piles. Ne n\u00e9cessite pas de combustible. Allumage pi\u00e9zo.  Facile \u00e0 utiliser.<\/p>\n<p>Caract\u00e9ristiques :<br \/> Dimensions : 20(H) x 280(L) x 50(P) mm.<br \/> Mati\u00e8re : Inox et plastique.<br \/> Couleur : Noir, rouge et argent.<\/p>\n","protected":false},"excerpt":{"rendered":"<p>Allume-gaz \u00e9lectrique piezo Kitchen Craft<\/p>\n","protected":false},"featured_media":90078,"comment_status":"closed","ping_status":"closed","template":"","meta":[],"product_brand":[],"product_cat":[1064,1297,1098,1104],"product_tag":[],"class_list":{"0":"post-68290","1":"product","2":"type-product","3":"status-publish","4":"has-post-thumbnail","6":"product_cat-cuisine","7":"product_cat-non-palettisable","8":"product_cat-ustensiles-cuisine","9":"product_cat-ustensiles-de-cuisine","10":"product_shipping_class-free-shipping","12":"first","13":"instock","14":"featured","15":"taxable","16":"shipping-taxable","17":"purchasable","18":"product-type-simple"},"_links":{"self":[{"href":"https:\/\/abinox-chr-clim.com\/index.php\/wp-json\/wp\/v2\/product\/68290","targetHints":{"allow":["GET"]}}],"collection":[{"href":"https:\/\/abinox-chr-clim.com\/index.php\/wp-json\/wp\/v2\/product"}],"about":[{"href":"https:\/\/abinox-chr-clim.com\/index.php\/wp-json\/wp\/v2\/types\/product"}],"replies":[{"embeddable":true,"href":"https:\/\/abinox-chr-clim.com\/index.php\/wp-json\/wp\/v2\/comments?post=68290"}],"wp:featuredmedia":[{"embeddable":true,"href":"https:\/\/abinox-chr-clim.com\/index.php\/wp-json\/wp\/v2\/media\/90078"}],"wp:attachment":[{"href":"https:\/\/abinox-chr-clim.com\/index.php\/wp-json\/wp\/v2\/media?parent=68290"}],"wp:term":[{"taxonomy":"product_brand","embeddable":true,"href":"https:\/\/abinox-chr-clim.com\/index.php\/wp-json\/wp\/v2\/product_brand?post=68290"},{"taxonomy":"product_cat","embeddable":true,"href":"https:\/\/abinox-chr-clim.com\/index.php\/wp-json\/wp\/v2\/product_cat?post=68290"},{"taxonomy":"product_tag","embeddable":true,"href":"https:\/\/abinox-chr-clim.com\/index.php\/wp-json\/wp\/v2\/product_tag?post=68290"}],"curies":[{"name":"wp","href":"https:\/\/api.w.org\/{rel}","templated":true}]}}