{"id":68289,"date":"2024-03-22T16:10:05","date_gmt":"2024-03-22T15:10:05","guid":{"rendered":"https:\/\/abinox-chr-clim.com\/index.php\/product\/lame-de-rechange-pour-coupe-tomates-vogue\/"},"modified":"2026-04-02T09:29:15","modified_gmt":"2026-04-02T07:29:15","slug":"lame-de-rechange-pour-coupe-tomates-vogue","status":"publish","type":"product","link":"https:\/\/abinox-chr-clim.com\/index.php\/product\/lame-de-rechange-pour-coupe-tomates-vogue\/","title":{"rendered":"Lame de rechange pour coupe-tomates Vogue"},"content":{"rendered":"<p>Lame pour DC714. Coupe des tranches de 5mm. \u00c9vitez les lames \u00e9mouss\u00e9es en les rempla\u00e7ant d\u00e8s que n\u00e9cessaire. Lame pour DC714.<\/p>\n<p>Caract\u00e9ristiques :<br \/> Mati\u00e8re : Acier inoxydable<\/p>\n","protected":false},"excerpt":{"rendered":"<p>Lame de rechange pour coupe-tomates Vogue<\/p>\n","protected":false},"featured_media":90588,"comment_status":"closed","ping_status":"closed","template":"","meta":[],"product_brand":[],"product_cat":[1064,1297,1098,1104],"product_tag":[],"class_list":{"0":"post-68289","1":"product","2":"type-product","3":"status-publish","4":"has-post-thumbnail","6":"product_cat-cuisine","7":"product_cat-non-palettisable","8":"product_cat-ustensiles-cuisine","9":"product_cat-ustensiles-de-cuisine","10":"product_shipping_class-free-shipping","12":"first","13":"instock","14":"featured","15":"taxable","16":"shipping-taxable","17":"purchasable","18":"product-type-simple"},"_links":{"self":[{"href":"https:\/\/abinox-chr-clim.com\/index.php\/wp-json\/wp\/v2\/product\/68289","targetHints":{"allow":["GET"]}}],"collection":[{"href":"https:\/\/abinox-chr-clim.com\/index.php\/wp-json\/wp\/v2\/product"}],"about":[{"href":"https:\/\/abinox-chr-clim.com\/index.php\/wp-json\/wp\/v2\/types\/product"}],"replies":[{"embeddable":true,"href":"https:\/\/abinox-chr-clim.com\/index.php\/wp-json\/wp\/v2\/comments?post=68289"}],"wp:featuredmedia":[{"embeddable":true,"href":"https:\/\/abinox-chr-clim.com\/index.php\/wp-json\/wp\/v2\/media\/90588"}],"wp:attachment":[{"href":"https:\/\/abinox-chr-clim.com\/index.php\/wp-json\/wp\/v2\/media?parent=68289"}],"wp:term":[{"taxonomy":"product_brand","embeddable":true,"href":"https:\/\/abinox-chr-clim.com\/index.php\/wp-json\/wp\/v2\/product_brand?post=68289"},{"taxonomy":"product_cat","embeddable":true,"href":"https:\/\/abinox-chr-clim.com\/index.php\/wp-json\/wp\/v2\/product_cat?post=68289"},{"taxonomy":"product_tag","embeddable":true,"href":"https:\/\/abinox-chr-clim.com\/index.php\/wp-json\/wp\/v2\/product_tag?post=68289"}],"curies":[{"name":"wp","href":"https:\/\/api.w.org\/{rel}","templated":true}]}}