{"id":68288,"date":"2024-03-22T16:10:04","date_gmt":"2024-03-22T15:10:04","guid":{"rendered":"https:\/\/abinox-chr-clim.com\/index.php\/product\/coupe-tomates-vogue\/"},"modified":"2026-04-02T09:29:15","modified_gmt":"2026-04-02T07:29:15","slug":"coupe-tomates-vogue","status":"publish","type":"product","link":"https:\/\/abinox-chr-clim.com\/index.php\/product\/coupe-tomates-vogue\/","title":{"rendered":"Coupe-tomates Vogue"},"content":{"rendered":"<p>Cr\u00e9ez facilement des tranches de tomate de 5mm gr\u00e2ce \u00e0 une lame tranchante en acier inoxydable qui r\u00e9duit consid\u00e9rablement votre temps de pr\u00e9paration. Lame de rechange disponible s\u00e9par\u00e9ment.<br \/>Les multiples lames coupent les tomates en tranches de 5 mm. Les lames extra-tranchantes tranchent les produits avec facilit\u00e9. La poign\u00e9e ergonomique \u00e9loigne les mains des lames. Lames en acier inoxydable pour une excellente durabilit\u00e9. Les pieds en caoutchouc emp\u00eachent la trancheuse de bouger.  Les multiples lames coupent les tomates en tranches de 5 mm.<\/p>\n<p>Caract\u00e9ristiques :<br \/> Dimensions : 387(H) x 191(L) x 199(P) mm.<br \/> Mati\u00e8re : Acier inoxydable (lames uniquement).<br \/> Couleur : Argent.<\/p>\n","protected":false},"excerpt":{"rendered":"<p>Coupe-tomates Vogue<\/p>\n","protected":false},"featured_media":90595,"comment_status":"closed","ping_status":"closed","template":"","meta":[],"product_brand":[],"product_cat":[1064,1297,1098,1104],"product_tag":[],"class_list":{"0":"post-68288","1":"product","2":"type-product","3":"status-publish","4":"has-post-thumbnail","6":"product_cat-cuisine","7":"product_cat-non-palettisable","8":"product_cat-ustensiles-cuisine","9":"product_cat-ustensiles-de-cuisine","10":"product_shipping_class-free-shipping","12":"first","13":"instock","14":"featured","15":"taxable","16":"shipping-taxable","17":"purchasable","18":"product-type-simple"},"_links":{"self":[{"href":"https:\/\/abinox-chr-clim.com\/index.php\/wp-json\/wp\/v2\/product\/68288","targetHints":{"allow":["GET"]}}],"collection":[{"href":"https:\/\/abinox-chr-clim.com\/index.php\/wp-json\/wp\/v2\/product"}],"about":[{"href":"https:\/\/abinox-chr-clim.com\/index.php\/wp-json\/wp\/v2\/types\/product"}],"replies":[{"embeddable":true,"href":"https:\/\/abinox-chr-clim.com\/index.php\/wp-json\/wp\/v2\/comments?post=68288"}],"wp:featuredmedia":[{"embeddable":true,"href":"https:\/\/abinox-chr-clim.com\/index.php\/wp-json\/wp\/v2\/media\/90595"}],"wp:attachment":[{"href":"https:\/\/abinox-chr-clim.com\/index.php\/wp-json\/wp\/v2\/media?parent=68288"}],"wp:term":[{"taxonomy":"product_brand","embeddable":true,"href":"https:\/\/abinox-chr-clim.com\/index.php\/wp-json\/wp\/v2\/product_brand?post=68288"},{"taxonomy":"product_cat","embeddable":true,"href":"https:\/\/abinox-chr-clim.com\/index.php\/wp-json\/wp\/v2\/product_cat?post=68288"},{"taxonomy":"product_tag","embeddable":true,"href":"https:\/\/abinox-chr-clim.com\/index.php\/wp-json\/wp\/v2\/product_tag?post=68288"}],"curies":[{"name":"wp","href":"https:\/\/api.w.org\/{rel}","templated":true}]}}