{"id":68286,"date":"2024-03-22T16:10:00","date_gmt":"2024-03-22T15:10:00","guid":{"rendered":"https:\/\/abinox-chr-clim.com\/index.php\/product\/essoreuse-a-salade-manuelle-dynamic-5l\/"},"modified":"2026-04-02T09:59:03","modified_gmt":"2026-04-02T07:59:03","slug":"essoreuse-a-salade-manuelle-dynamic-5l","status":"publish","type":"product","link":"https:\/\/abinox-chr-clim.com\/index.php\/product\/essoreuse-a-salade-manuelle-dynamic-5l\/","title":{"rendered":"Essoreuse \u00e0 salade manuelle Dynamic 5L"},"content":{"rendered":"<p>Mettez simplement les feuilles de salade humides dans le r\u00e9cipient int\u00e9rieur, replacez le couvercle et tournez la poign\u00e9e pour obtenir des feuilles parfaitement essor\u00e9es, sans risque de diluer les sauces. Poign\u00e9es et engrenages robustes pour faire tourner rapidement quatre (10L) \u00e0 huit (20L) salades en quelques secondes. Socle de stabilisation disponible pour le mod\u00e8le de 20L.<br \/>Conception ergonomique et compacte. Hygi\u00e9nique, antibact\u00e9rien incorpor\u00e9. Haute performance, vitesse de rotation \u00e9lev\u00e9e pour un essorage rapide. Couvercle scell\u00e9, engrenages int\u00e9rieurs enti\u00e8rement recouverts. 100% \u00e9tanche pour \u00e9viter les fuites d&rsquo;eau. R\u00e9cipient et panier robustes. Utilisation s\u00fbre, longueur de la poign\u00e9e adapt\u00e9e pour le confort de travail. Large surface de drainage, pas d&rsquo;eau r\u00e9siduelle dans les m\u00e9canismes. Conforme aux exigences HACCP.Conception ergonomique et compacte.<\/p>\n<p>Caract\u00e9ristiques :<br \/> Dimensions : 345(H) mm.<br \/> Mati\u00e8re : Polypropyl\u00e8ne.<br \/> Couleur : Orange.<\/p>\n","protected":false},"excerpt":{"rendered":"<p>Essoreuse \u00e0 salade manuelle Dynamic 5L<\/p>\n","protected":false},"featured_media":90813,"comment_status":"closed","ping_status":"closed","template":"","meta":[],"product_brand":[],"product_cat":[1064,1297,1098,1104],"product_tag":[],"class_list":{"0":"post-68286","1":"product","2":"type-product","3":"status-publish","4":"has-post-thumbnail","6":"product_cat-cuisine","7":"product_cat-non-palettisable","8":"product_cat-ustensiles-cuisine","9":"product_cat-ustensiles-de-cuisine","10":"product_shipping_class-free-shipping","12":"first","13":"instock","14":"featured","15":"taxable","16":"shipping-taxable","17":"purchasable","18":"product-type-simple"},"_links":{"self":[{"href":"https:\/\/abinox-chr-clim.com\/index.php\/wp-json\/wp\/v2\/product\/68286","targetHints":{"allow":["GET"]}}],"collection":[{"href":"https:\/\/abinox-chr-clim.com\/index.php\/wp-json\/wp\/v2\/product"}],"about":[{"href":"https:\/\/abinox-chr-clim.com\/index.php\/wp-json\/wp\/v2\/types\/product"}],"replies":[{"embeddable":true,"href":"https:\/\/abinox-chr-clim.com\/index.php\/wp-json\/wp\/v2\/comments?post=68286"}],"wp:featuredmedia":[{"embeddable":true,"href":"https:\/\/abinox-chr-clim.com\/index.php\/wp-json\/wp\/v2\/media\/90813"}],"wp:attachment":[{"href":"https:\/\/abinox-chr-clim.com\/index.php\/wp-json\/wp\/v2\/media?parent=68286"}],"wp:term":[{"taxonomy":"product_brand","embeddable":true,"href":"https:\/\/abinox-chr-clim.com\/index.php\/wp-json\/wp\/v2\/product_brand?post=68286"},{"taxonomy":"product_cat","embeddable":true,"href":"https:\/\/abinox-chr-clim.com\/index.php\/wp-json\/wp\/v2\/product_cat?post=68286"},{"taxonomy":"product_tag","embeddable":true,"href":"https:\/\/abinox-chr-clim.com\/index.php\/wp-json\/wp\/v2\/product_tag?post=68286"}],"curies":[{"name":"wp","href":"https:\/\/api.w.org\/{rel}","templated":true}]}}