{"id":68281,"date":"2024-03-22T16:09:58","date_gmt":"2024-03-22T15:09:58","guid":{"rendered":"https:\/\/abinox-chr-clim.com\/index.php\/product\/mini-spatule-en-silicone-resistant-a-la-chaleur-vogue-grise\/"},"modified":"2026-04-02T09:33:57","modified_gmt":"2026-04-02T07:33:57","slug":"mini-spatule-en-silicone-resistant-a-la-chaleur-vogue-grise","status":"publish","type":"product","link":"https:\/\/abinox-chr-clim.com\/index.php\/product\/mini-spatule-en-silicone-resistant-a-la-chaleur-vogue-grise\/","title":{"rendered":"Mini spatule en silicone r\u00e9sistant \u00e0 la chaleur Vogue grise"},"content":{"rendered":"<p>Le silicone souple n&rsquo;ab\u00eeme pas les surfaces antiadh\u00e9sives. Design facile \u00e0 nettoyer pour gagner du temps &#8211; va au lave-vaisselle. R\u00e9sistance \u00e0 la chaleur \u00e9lev\u00e9e de 260\u00b0C pour toutes sortes de t\u00e2ches culinaires. Le mat\u00e9riau r\u00e9sistant aux taches est facile \u00e0 conserver en parfait \u00e9tat. Trou dans la poign\u00e9e pour un rangement et un acc\u00e8s pratiques.  Le silicone souple n&rsquo;ab\u00eeme pas les surfaces antiadh\u00e9sives.<\/p>\n<p>Caract\u00e9ristiques :<br \/> Dimensions : 35(H) x 207(L) x 40(l)mm.<br \/> Mati\u00e8re : Silicone.<br \/> Couleur : Gris.<\/p>\n","protected":false},"excerpt":{"rendered":"<p>Mini spatule en silicone r\u00e9sistant \u00e0 la chaleur Vogue grise<\/p>\n","protected":false},"featured_media":87759,"comment_status":"closed","ping_status":"closed","template":"","meta":[],"product_brand":[],"product_cat":[1064,1297,1098,1104],"product_tag":[],"class_list":{"0":"post-68281","1":"product","2":"type-product","3":"status-publish","4":"has-post-thumbnail","6":"product_cat-cuisine","7":"product_cat-non-palettisable","8":"product_cat-ustensiles-cuisine","9":"product_cat-ustensiles-de-cuisine","10":"product_shipping_class-free-shipping","12":"first","13":"instock","14":"featured","15":"taxable","16":"shipping-taxable","17":"purchasable","18":"product-type-simple"},"_links":{"self":[{"href":"https:\/\/abinox-chr-clim.com\/index.php\/wp-json\/wp\/v2\/product\/68281","targetHints":{"allow":["GET"]}}],"collection":[{"href":"https:\/\/abinox-chr-clim.com\/index.php\/wp-json\/wp\/v2\/product"}],"about":[{"href":"https:\/\/abinox-chr-clim.com\/index.php\/wp-json\/wp\/v2\/types\/product"}],"replies":[{"embeddable":true,"href":"https:\/\/abinox-chr-clim.com\/index.php\/wp-json\/wp\/v2\/comments?post=68281"}],"wp:featuredmedia":[{"embeddable":true,"href":"https:\/\/abinox-chr-clim.com\/index.php\/wp-json\/wp\/v2\/media\/87759"}],"wp:attachment":[{"href":"https:\/\/abinox-chr-clim.com\/index.php\/wp-json\/wp\/v2\/media?parent=68281"}],"wp:term":[{"taxonomy":"product_brand","embeddable":true,"href":"https:\/\/abinox-chr-clim.com\/index.php\/wp-json\/wp\/v2\/product_brand?post=68281"},{"taxonomy":"product_cat","embeddable":true,"href":"https:\/\/abinox-chr-clim.com\/index.php\/wp-json\/wp\/v2\/product_cat?post=68281"},{"taxonomy":"product_tag","embeddable":true,"href":"https:\/\/abinox-chr-clim.com\/index.php\/wp-json\/wp\/v2\/product_tag?post=68281"}],"curies":[{"name":"wp","href":"https:\/\/api.w.org\/{rel}","templated":true}]}}