{"id":68279,"date":"2024-03-22T16:09:57","date_gmt":"2024-03-22T15:09:57","guid":{"rendered":"https:\/\/abinox-chr-clim.com\/index.php\/product\/mini-spatule-maryse-grise-en-silicone-resistant-a-la-chaleur-vogue\/"},"modified":"2026-04-02T09:33:56","modified_gmt":"2026-04-02T07:33:56","slug":"mini-spatule-maryse-grise-en-silicone-resistant-a-la-chaleur-vogue","status":"publish","type":"product","link":"https:\/\/abinox-chr-clim.com\/index.php\/product\/mini-spatule-maryse-grise-en-silicone-resistant-a-la-chaleur-vogue\/","title":{"rendered":"Mini spatule maryse grise en silicone r\u00e9sistant \u00e0 la chaleur Vogue"},"content":{"rendered":"<p>Grattoir en silicone souple et hygi\u00e9nique, r\u00e9sistant \u00e0 des temp\u00e9ratures jusqu&rsquo;\u00e0 260\u00b0C. Lave-vaisselle.<br \/>La silicone est antiadh\u00e9sive. La silicone n&rsquo;endommage pas non plus les rev\u00eatements antiadh\u00e9sifs. R\u00e9sistant \u00e0 la chaleur pour la cuisson. Lavable au lave-vaisselle pour un nettoyage facile. Le trou dans la poign\u00e9e permet de la suspendre.  La silicone est antiadh\u00e9sive.<\/p>\n<p>Caract\u00e9ristiques :<br \/> Dimensions : 60(l) x 205(L)mm.<br \/> Mati\u00e8re : Silicone.<br \/> Couleur : Gris.<\/p>\n","protected":false},"excerpt":{"rendered":"<p>Mini spatule maryse grise en silicone r\u00e9sistant \u00e0 la chaleur Vogue<\/p>\n","protected":false},"featured_media":87770,"comment_status":"closed","ping_status":"closed","template":"","meta":[],"product_brand":[],"product_cat":[1064,1297,1098,1104],"product_tag":[],"class_list":{"0":"post-68279","1":"product","2":"type-product","3":"status-publish","4":"has-post-thumbnail","6":"product_cat-cuisine","7":"product_cat-non-palettisable","8":"product_cat-ustensiles-cuisine","9":"product_cat-ustensiles-de-cuisine","10":"product_shipping_class-free-shipping","12":"first","13":"instock","14":"featured","15":"taxable","16":"shipping-taxable","17":"purchasable","18":"product-type-simple"},"_links":{"self":[{"href":"https:\/\/abinox-chr-clim.com\/index.php\/wp-json\/wp\/v2\/product\/68279","targetHints":{"allow":["GET"]}}],"collection":[{"href":"https:\/\/abinox-chr-clim.com\/index.php\/wp-json\/wp\/v2\/product"}],"about":[{"href":"https:\/\/abinox-chr-clim.com\/index.php\/wp-json\/wp\/v2\/types\/product"}],"replies":[{"embeddable":true,"href":"https:\/\/abinox-chr-clim.com\/index.php\/wp-json\/wp\/v2\/comments?post=68279"}],"wp:featuredmedia":[{"embeddable":true,"href":"https:\/\/abinox-chr-clim.com\/index.php\/wp-json\/wp\/v2\/media\/87770"}],"wp:attachment":[{"href":"https:\/\/abinox-chr-clim.com\/index.php\/wp-json\/wp\/v2\/media?parent=68279"}],"wp:term":[{"taxonomy":"product_brand","embeddable":true,"href":"https:\/\/abinox-chr-clim.com\/index.php\/wp-json\/wp\/v2\/product_brand?post=68279"},{"taxonomy":"product_cat","embeddable":true,"href":"https:\/\/abinox-chr-clim.com\/index.php\/wp-json\/wp\/v2\/product_cat?post=68279"},{"taxonomy":"product_tag","embeddable":true,"href":"https:\/\/abinox-chr-clim.com\/index.php\/wp-json\/wp\/v2\/product_tag?post=68279"}],"curies":[{"name":"wp","href":"https:\/\/api.w.org\/{rel}","templated":true}]}}