{"id":68275,"date":"2024-03-22T16:09:55","date_gmt":"2024-03-22T15:09:55","guid":{"rendered":"https:\/\/abinox-chr-clim.com\/index.php\/product\/rape-gourmet-rasoir-noire-microplane\/"},"modified":"2025-06-30T11:25:28","modified_gmt":"2025-06-30T09:25:28","slug":"rape-gourmet-rasoir-noire-microplane","status":"publish","type":"product","link":"https:\/\/abinox-chr-clim.com\/index.php\/product\/rape-gourmet-rasoir-noire-microplane\/","title":{"rendered":"R\u00e2pe Gourmet rasoir noire Microplane"},"content":{"rendered":"<p>Lame en acier inoxydable durable. Manche ergonomique au toucher doux. Extr\u00e9mit\u00e9s en caoutchouc antid\u00e9rapant. Possibilit\u00e9 de fixer un curseur pour prot\u00e9ger les doigts. Lavable au lave-vaisselle. Housse de protection r\u00e9utilisable. Surface de r\u00e2pe exacte\u00a0: 126\u00a0x\u00a060\u00a0mm. Sept styles de lames uniques disponibles dans cette s\u00e9rie.Lame en acier inoxydable durable.<\/p>\n<p>Caract\u00e9ristiques :<br \/> Dimensions : 320(H) x 70(L) x 20(P) mm.<br \/> Mati\u00e8re : Inox<\/p>\n","protected":false},"excerpt":{"rendered":"<p>R\u00e2pe Gourmet rasoir noire Microplane<\/p>\n","protected":false},"featured_media":87899,"comment_status":"closed","ping_status":"closed","template":"","meta":[],"product_brand":[],"product_cat":[1064,1297,1098,1104],"product_tag":[],"class_list":{"0":"post-68275","1":"product","2":"type-product","3":"status-publish","4":"has-post-thumbnail","6":"product_cat-cuisine","7":"product_cat-non-palettisable","8":"product_cat-ustensiles-cuisine","9":"product_cat-ustensiles-de-cuisine","10":"product_shipping_class-free-shipping","12":"first","13":"outofstock","14":"featured","15":"taxable","16":"shipping-taxable","17":"purchasable","18":"product-type-simple"},"_links":{"self":[{"href":"https:\/\/abinox-chr-clim.com\/index.php\/wp-json\/wp\/v2\/product\/68275","targetHints":{"allow":["GET"]}}],"collection":[{"href":"https:\/\/abinox-chr-clim.com\/index.php\/wp-json\/wp\/v2\/product"}],"about":[{"href":"https:\/\/abinox-chr-clim.com\/index.php\/wp-json\/wp\/v2\/types\/product"}],"replies":[{"embeddable":true,"href":"https:\/\/abinox-chr-clim.com\/index.php\/wp-json\/wp\/v2\/comments?post=68275"}],"wp:featuredmedia":[{"embeddable":true,"href":"https:\/\/abinox-chr-clim.com\/index.php\/wp-json\/wp\/v2\/media\/87899"}],"wp:attachment":[{"href":"https:\/\/abinox-chr-clim.com\/index.php\/wp-json\/wp\/v2\/media?parent=68275"}],"wp:term":[{"taxonomy":"product_brand","embeddable":true,"href":"https:\/\/abinox-chr-clim.com\/index.php\/wp-json\/wp\/v2\/product_brand?post=68275"},{"taxonomy":"product_cat","embeddable":true,"href":"https:\/\/abinox-chr-clim.com\/index.php\/wp-json\/wp\/v2\/product_cat?post=68275"},{"taxonomy":"product_tag","embeddable":true,"href":"https:\/\/abinox-chr-clim.com\/index.php\/wp-json\/wp\/v2\/product_tag?post=68275"}],"curies":[{"name":"wp","href":"https:\/\/api.w.org\/{rel}","templated":true}]}}