{"id":68273,"date":"2024-03-22T16:09:55","date_gmt":"2024-03-22T15:09:55","guid":{"rendered":"https:\/\/abinox-chr-clim.com\/index.php\/product\/rape-lame-double-tranchant-microplane-gourmet-noire\/"},"modified":"2026-04-02T09:57:30","modified_gmt":"2026-04-02T07:57:30","slug":"rape-lame-double-tranchant-microplane-gourmet-noire","status":"publish","type":"product","link":"https:\/\/abinox-chr-clim.com\/index.php\/product\/rape-lame-double-tranchant-microplane-gourmet-noire\/","title":{"rendered":"R\u00e2pe lame double tranchant Microplane Gourmet noire"},"content":{"rendered":"<p>Lame en acier inoxydable ultra-aff\u00fbt\u00e9e et durable. Manche soft touch ergonomique et confortable. Pieds en caoutchouc antid\u00e9rapant pour plus de confort et de stabilit\u00e9. Nettoyage facile : il suffit de la passer sous l&rsquo;eau puis de la laisser s\u00e9cher. Lavable au lave-vaisselle. Etui protecteur r\u00e9utilisable (ne passe pas au lave-vaisselle). Surface de coupe exacte: 12.6 cm x 6 cm.Lame en acier inoxydable ultra-aff\u00fbt\u00e9e et durable.<\/p>\n<p>Caract\u00e9ristiques :<br \/> Dimensions : 320(H) x 70(L) x 20(P) mm.<br \/> Mati\u00e8re : Inox<\/p>\n","protected":false},"excerpt":{"rendered":"<p>R\u00e2pe lame double tranchant Microplane Gourmet noire<\/p>\n","protected":false},"featured_media":87901,"comment_status":"closed","ping_status":"closed","template":"","meta":[],"product_brand":[],"product_cat":[1064,1297,1098,1104],"product_tag":[],"class_list":{"0":"post-68273","1":"product","2":"type-product","3":"status-publish","4":"has-post-thumbnail","6":"product_cat-cuisine","7":"product_cat-non-palettisable","8":"product_cat-ustensiles-cuisine","9":"product_cat-ustensiles-de-cuisine","10":"product_shipping_class-free-shipping","12":"first","13":"instock","14":"featured","15":"taxable","16":"shipping-taxable","17":"purchasable","18":"product-type-simple"},"_links":{"self":[{"href":"https:\/\/abinox-chr-clim.com\/index.php\/wp-json\/wp\/v2\/product\/68273","targetHints":{"allow":["GET"]}}],"collection":[{"href":"https:\/\/abinox-chr-clim.com\/index.php\/wp-json\/wp\/v2\/product"}],"about":[{"href":"https:\/\/abinox-chr-clim.com\/index.php\/wp-json\/wp\/v2\/types\/product"}],"replies":[{"embeddable":true,"href":"https:\/\/abinox-chr-clim.com\/index.php\/wp-json\/wp\/v2\/comments?post=68273"}],"wp:featuredmedia":[{"embeddable":true,"href":"https:\/\/abinox-chr-clim.com\/index.php\/wp-json\/wp\/v2\/media\/87901"}],"wp:attachment":[{"href":"https:\/\/abinox-chr-clim.com\/index.php\/wp-json\/wp\/v2\/media?parent=68273"}],"wp:term":[{"taxonomy":"product_brand","embeddable":true,"href":"https:\/\/abinox-chr-clim.com\/index.php\/wp-json\/wp\/v2\/product_brand?post=68273"},{"taxonomy":"product_cat","embeddable":true,"href":"https:\/\/abinox-chr-clim.com\/index.php\/wp-json\/wp\/v2\/product_cat?post=68273"},{"taxonomy":"product_tag","embeddable":true,"href":"https:\/\/abinox-chr-clim.com\/index.php\/wp-json\/wp\/v2\/product_tag?post=68273"}],"curies":[{"name":"wp","href":"https:\/\/api.w.org\/{rel}","templated":true}]}}