{"id":68272,"date":"2024-03-22T16:09:54","date_gmt":"2024-03-22T15:09:54","guid":{"rendered":"https:\/\/abinox-chr-clim.com\/index.php\/product\/distributeur-de-sauce-a-pompe-schneider-10l\/"},"modified":"2026-04-02T09:38:44","modified_gmt":"2026-04-02T07:38:44","slug":"distributeur-de-sauce-a-pompe-schneider-10l","status":"publish","type":"product","link":"https:\/\/abinox-chr-clim.com\/index.php\/product\/distributeur-de-sauce-a-pompe-schneider-10l\/","title":{"rendered":"Distributeur de sauce \u00e0 pompe Schneider 10L"},"content":{"rendered":"<p>Distributeurs en polypropyl\u00e8ne grande capacit\u00e9 avec pompes en acier inoxydable et vannes anti gouttes pour minimiser le gaspillage. Mod\u00e8le \u00e0 pompe ou \u00e0 levier au choix.<br \/>Avec r\u00e9cipient en polypropyl\u00e8ne 10L. Fonctionnement \u00e0 pompe. Dosage r\u00e9glable \/ 40ml. Avec r\u00e9cipient en polypropyl\u00e8ne 10L.<\/p>\n<p>Caract\u00e9ristiques :<br \/> Capacit\u00e9 : 10 L.<br \/> Dimensions : 400(H) x 275(\u00d8) mm.<br \/> Mati\u00e8re : Acier inoxydable et polypropyl\u00e8ne.<br \/> Couleur : Blanc.<\/p>\n","protected":false},"excerpt":{"rendered":"<p>Distributeur de sauce \u00e0 pompe Schneider 10L<\/p>\n","protected":false},"featured_media":87905,"comment_status":"closed","ping_status":"closed","template":"","meta":[],"product_brand":[],"product_cat":[1064,1297,1098,1104],"product_tag":[],"class_list":{"0":"post-68272","1":"product","2":"type-product","3":"status-publish","4":"has-post-thumbnail","6":"product_cat-cuisine","7":"product_cat-non-palettisable","8":"product_cat-ustensiles-cuisine","9":"product_cat-ustensiles-de-cuisine","10":"product_shipping_class-free-shipping","12":"first","13":"instock","14":"featured","15":"taxable","16":"shipping-taxable","17":"purchasable","18":"product-type-simple"},"_links":{"self":[{"href":"https:\/\/abinox-chr-clim.com\/index.php\/wp-json\/wp\/v2\/product\/68272","targetHints":{"allow":["GET"]}}],"collection":[{"href":"https:\/\/abinox-chr-clim.com\/index.php\/wp-json\/wp\/v2\/product"}],"about":[{"href":"https:\/\/abinox-chr-clim.com\/index.php\/wp-json\/wp\/v2\/types\/product"}],"replies":[{"embeddable":true,"href":"https:\/\/abinox-chr-clim.com\/index.php\/wp-json\/wp\/v2\/comments?post=68272"}],"wp:featuredmedia":[{"embeddable":true,"href":"https:\/\/abinox-chr-clim.com\/index.php\/wp-json\/wp\/v2\/media\/87905"}],"wp:attachment":[{"href":"https:\/\/abinox-chr-clim.com\/index.php\/wp-json\/wp\/v2\/media?parent=68272"}],"wp:term":[{"taxonomy":"product_brand","embeddable":true,"href":"https:\/\/abinox-chr-clim.com\/index.php\/wp-json\/wp\/v2\/product_brand?post=68272"},{"taxonomy":"product_cat","embeddable":true,"href":"https:\/\/abinox-chr-clim.com\/index.php\/wp-json\/wp\/v2\/product_cat?post=68272"},{"taxonomy":"product_tag","embeddable":true,"href":"https:\/\/abinox-chr-clim.com\/index.php\/wp-json\/wp\/v2\/product_tag?post=68272"}],"curies":[{"name":"wp","href":"https:\/\/api.w.org\/{rel}","templated":true}]}}