{"id":68262,"date":"2024-03-22T16:09:51","date_gmt":"2024-03-22T15:09:51","guid":{"rendered":"https:\/\/abinox-chr-clim.com\/index.php\/product\/pince-commandes-vogue-1220mm\/"},"modified":"2026-04-02T08:38:33","modified_gmt":"2026-04-02T06:38:33","slug":"pince-commandes-vogue-1220mm","status":"publish","type":"product","link":"https:\/\/abinox-chr-clim.com\/index.php\/product\/pince-commandes-vogue-1220mm\/","title":{"rendered":"Pince-commandes Vogue 1220mm"},"content":{"rendered":"<p>Rangez les commandes de fa\u00e7on ordonn\u00e9e et syst\u00e9matique. La commande est fermement tenue en place, tout en \u00e9tant facile \u00e0 retirer ou \u00e0 d\u00e9placer (maintien par syst\u00e8me \u00e0 billes).<br \/>Facile \u00e0 installer &#8211; fixations incluses. Facile \u00e0 nettoyer. Largeur g\u00e9n\u00e9reuse de 1220 mm &#8211; espace pour environ 11 feuilles. Acc\u00e8s facile aux commandes pour acc\u00e9l\u00e9rer le service. Facile \u00e0 installer &#8211; fixations incluses.<\/p>\n<p>Caract\u00e9ristiques :<br \/> Dimensions : 1220(L) mm.<br \/> Mati\u00e8re : Aluminium.<br \/> Couleur : Argent.<\/p>\n","protected":false},"excerpt":{"rendered":"<p>Pince-commandes Vogue 1220mm<\/p>\n","protected":false},"featured_media":88105,"comment_status":"closed","ping_status":"closed","template":"","meta":[],"product_brand":[],"product_cat":[1064,1297,1098,1104],"product_tag":[],"class_list":{"0":"post-68262","1":"product","2":"type-product","3":"status-publish","4":"has-post-thumbnail","6":"product_cat-cuisine","7":"product_cat-non-palettisable","8":"product_cat-ustensiles-cuisine","9":"product_cat-ustensiles-de-cuisine","10":"product_shipping_class-free-shipping","12":"first","13":"instock","14":"featured","15":"taxable","16":"shipping-taxable","17":"purchasable","18":"product-type-simple"},"_links":{"self":[{"href":"https:\/\/abinox-chr-clim.com\/index.php\/wp-json\/wp\/v2\/product\/68262","targetHints":{"allow":["GET"]}}],"collection":[{"href":"https:\/\/abinox-chr-clim.com\/index.php\/wp-json\/wp\/v2\/product"}],"about":[{"href":"https:\/\/abinox-chr-clim.com\/index.php\/wp-json\/wp\/v2\/types\/product"}],"replies":[{"embeddable":true,"href":"https:\/\/abinox-chr-clim.com\/index.php\/wp-json\/wp\/v2\/comments?post=68262"}],"wp:featuredmedia":[{"embeddable":true,"href":"https:\/\/abinox-chr-clim.com\/index.php\/wp-json\/wp\/v2\/media\/88105"}],"wp:attachment":[{"href":"https:\/\/abinox-chr-clim.com\/index.php\/wp-json\/wp\/v2\/media?parent=68262"}],"wp:term":[{"taxonomy":"product_brand","embeddable":true,"href":"https:\/\/abinox-chr-clim.com\/index.php\/wp-json\/wp\/v2\/product_brand?post=68262"},{"taxonomy":"product_cat","embeddable":true,"href":"https:\/\/abinox-chr-clim.com\/index.php\/wp-json\/wp\/v2\/product_cat?post=68262"},{"taxonomy":"product_tag","embeddable":true,"href":"https:\/\/abinox-chr-clim.com\/index.php\/wp-json\/wp\/v2\/product_tag?post=68262"}],"curies":[{"name":"wp","href":"https:\/\/api.w.org\/{rel}","templated":true}]}}