{"id":68256,"date":"2024-03-22T16:09:47","date_gmt":"2024-03-22T15:09:47","guid":{"rendered":"https:\/\/abinox-chr-clim.com\/index.php\/product\/ciseaux-menagers-vogue\/"},"modified":"2026-04-02T08:38:12","modified_gmt":"2026-04-02T06:38:12","slug":"ciseaux-menagers-vogue","status":"publish","type":"product","link":"https:\/\/abinox-chr-clim.com\/index.php\/product\/ciseaux-menagers-vogue\/","title":{"rendered":"Ciseaux m\u00e9nagers Vogue"},"content":{"rendered":"<p>L&rsquo;acier inoxydable offre une lame tranchante. Poign\u00e9es en plastique pour la s\u00e9curit\u00e9. Mat\u00e9riau durable pour une utilisation intensive. Poign\u00e9es ergonomiques pour une prise en main confortable. Facile \u00e0 nettoyer pour des raisons d&rsquo;hygi\u00e8ne.  L&rsquo;acier inoxydable offre une lame tranchante.<\/p>\n<p>Caract\u00e9ristiques :<br \/> Dimensions : 203(L) mm.<br \/> Mati\u00e8re : Inox<\/p>\n","protected":false},"excerpt":{"rendered":"<p>Ciseaux m\u00e9nagers Vogue<\/p>\n","protected":false},"featured_media":88224,"comment_status":"closed","ping_status":"closed","template":"","meta":[],"product_brand":[],"product_cat":[1064,1297,1098,1104],"product_tag":[],"class_list":{"0":"post-68256","1":"product","2":"type-product","3":"status-publish","4":"has-post-thumbnail","6":"product_cat-cuisine","7":"product_cat-non-palettisable","8":"product_cat-ustensiles-cuisine","9":"product_cat-ustensiles-de-cuisine","10":"product_shipping_class-free-shipping","12":"first","13":"instock","14":"featured","15":"taxable","16":"shipping-taxable","17":"purchasable","18":"product-type-simple"},"_links":{"self":[{"href":"https:\/\/abinox-chr-clim.com\/index.php\/wp-json\/wp\/v2\/product\/68256","targetHints":{"allow":["GET"]}}],"collection":[{"href":"https:\/\/abinox-chr-clim.com\/index.php\/wp-json\/wp\/v2\/product"}],"about":[{"href":"https:\/\/abinox-chr-clim.com\/index.php\/wp-json\/wp\/v2\/types\/product"}],"replies":[{"embeddable":true,"href":"https:\/\/abinox-chr-clim.com\/index.php\/wp-json\/wp\/v2\/comments?post=68256"}],"wp:featuredmedia":[{"embeddable":true,"href":"https:\/\/abinox-chr-clim.com\/index.php\/wp-json\/wp\/v2\/media\/88224"}],"wp:attachment":[{"href":"https:\/\/abinox-chr-clim.com\/index.php\/wp-json\/wp\/v2\/media?parent=68256"}],"wp:term":[{"taxonomy":"product_brand","embeddable":true,"href":"https:\/\/abinox-chr-clim.com\/index.php\/wp-json\/wp\/v2\/product_brand?post=68256"},{"taxonomy":"product_cat","embeddable":true,"href":"https:\/\/abinox-chr-clim.com\/index.php\/wp-json\/wp\/v2\/product_cat?post=68256"},{"taxonomy":"product_tag","embeddable":true,"href":"https:\/\/abinox-chr-clim.com\/index.php\/wp-json\/wp\/v2\/product_tag?post=68256"}],"curies":[{"name":"wp","href":"https:\/\/api.w.org\/{rel}","templated":true}]}}