{"id":68249,"date":"2024-03-22T16:09:45","date_gmt":"2024-03-22T15:09:45","guid":{"rendered":"https:\/\/abinox-chr-clim.com\/index.php\/product\/poussoir-de-securite-pour-mandoline-bron\/"},"modified":"2026-04-02T08:37:52","modified_gmt":"2026-04-02T06:37:52","slug":"poussoir-de-securite-pour-mandoline-bron","status":"publish","type":"product","link":"https:\/\/abinox-chr-clim.com\/index.php\/product\/poussoir-de-securite-pour-mandoline-bron\/","title":{"rendered":"Poussoir de s\u00e9curit\u00e9 pour mandoline Bron"},"content":{"rendered":"<p>Permet de couper et pr\u00e9parer les l\u00e9gumes en toute s\u00e9curit\u00e9. Aide \u00e0 r\u00e9duire les risques de se couper. A utiliser avec la mandoline Bron (D454). Permet de couper et pr\u00e9parer les l\u00e9gumes en toute s\u00e9curit\u00e9.<\/p>\n<p>Caract\u00e9ristiques :<br \/> Dimensions : 115(L) mm.<br \/> Mati\u00e8re : Acier inoxydable<\/p>\n","protected":false},"excerpt":{"rendered":"<p>Poussoir de s\u00e9curit\u00e9 pour mandoline Bron<\/p>\n","protected":false},"featured_media":99990,"comment_status":"closed","ping_status":"closed","template":"","meta":[],"product_brand":[],"product_cat":[1064,1297,1098,1104],"product_tag":[],"class_list":{"0":"post-68249","1":"product","2":"type-product","3":"status-publish","4":"has-post-thumbnail","6":"product_cat-cuisine","7":"product_cat-non-palettisable","8":"product_cat-ustensiles-cuisine","9":"product_cat-ustensiles-de-cuisine","10":"product_shipping_class-free-shipping","12":"first","13":"instock","14":"featured","15":"taxable","16":"shipping-taxable","17":"purchasable","18":"product-type-simple"},"_links":{"self":[{"href":"https:\/\/abinox-chr-clim.com\/index.php\/wp-json\/wp\/v2\/product\/68249","targetHints":{"allow":["GET"]}}],"collection":[{"href":"https:\/\/abinox-chr-clim.com\/index.php\/wp-json\/wp\/v2\/product"}],"about":[{"href":"https:\/\/abinox-chr-clim.com\/index.php\/wp-json\/wp\/v2\/types\/product"}],"replies":[{"embeddable":true,"href":"https:\/\/abinox-chr-clim.com\/index.php\/wp-json\/wp\/v2\/comments?post=68249"}],"wp:featuredmedia":[{"embeddable":true,"href":"https:\/\/abinox-chr-clim.com\/index.php\/wp-json\/wp\/v2\/media\/99990"}],"wp:attachment":[{"href":"https:\/\/abinox-chr-clim.com\/index.php\/wp-json\/wp\/v2\/media?parent=68249"}],"wp:term":[{"taxonomy":"product_brand","embeddable":true,"href":"https:\/\/abinox-chr-clim.com\/index.php\/wp-json\/wp\/v2\/product_brand?post=68249"},{"taxonomy":"product_cat","embeddable":true,"href":"https:\/\/abinox-chr-clim.com\/index.php\/wp-json\/wp\/v2\/product_cat?post=68249"},{"taxonomy":"product_tag","embeddable":true,"href":"https:\/\/abinox-chr-clim.com\/index.php\/wp-json\/wp\/v2\/product_tag?post=68249"}],"curies":[{"name":"wp","href":"https:\/\/api.w.org\/{rel}","templated":true}]}}