{"id":68248,"date":"2024-03-22T16:09:44","date_gmt":"2024-03-22T15:09:44","guid":{"rendered":"https:\/\/abinox-chr-clim.com\/index.php\/product\/mandoline-bron\/"},"modified":"2026-04-02T08:37:51","modified_gmt":"2026-04-02T06:37:51","slug":"mandoline-bron","status":"publish","type":"product","link":"https:\/\/abinox-chr-clim.com\/index.php\/product\/mandoline-bron\/","title":{"rendered":"Mandoline Bron"},"content":{"rendered":"<p>Mandoline Bron de haut de gamme tout inox. Protection fournie s\u00e9par\u00e9ment. 400(L) x 115(l)mm.<br \/>\u00c9l\u00e9gante et sophistiqu\u00e9e. La mandoline pr\u00e9f\u00e9r\u00e9e des chefs, toujours pr\u00eate \u00e0 la seconde. Pour couper de grande quantit\u00e9s de l\u00e9gumes rapidement et avec pr\u00e9cision. Poussoir de s\u00e9curit\u00e9 vendu s\u00e9par\u00e9ment. Enti\u00e8rement en acier inoxydable. Blocs effileurs \u00e0 2 largeurs (peignes), fixe, pour les coupes en b\u00e2tonnets (frites, julienne). Poss\u00e8de une lame lisse et une lame ondul\u00e9e fixes pour les coupes lisses et les coupes gaufr\u00e9es.\u00c9l\u00e9gante et sophistiqu\u00e9e.<\/p>\n<p>Caract\u00e9ristiques :<br \/> Dimensions : 115(L) x 400(L) mm.<br \/> Mati\u00e8re : Acier inoxydable.<br \/> Couleur : Argent.<\/p>\n","protected":false},"excerpt":{"rendered":"<p>Mandoline Bron<\/p>\n","protected":false},"featured_media":88300,"comment_status":"closed","ping_status":"closed","template":"","meta":[],"product_brand":[],"product_cat":[1064,1297,1098,1104],"product_tag":[],"class_list":{"0":"post-68248","1":"product","2":"type-product","3":"status-publish","4":"has-post-thumbnail","6":"product_cat-cuisine","7":"product_cat-non-palettisable","8":"product_cat-ustensiles-cuisine","9":"product_cat-ustensiles-de-cuisine","10":"product_shipping_class-free-shipping","12":"first","13":"instock","14":"featured","15":"taxable","16":"shipping-taxable","17":"purchasable","18":"product-type-simple"},"_links":{"self":[{"href":"https:\/\/abinox-chr-clim.com\/index.php\/wp-json\/wp\/v2\/product\/68248","targetHints":{"allow":["GET"]}}],"collection":[{"href":"https:\/\/abinox-chr-clim.com\/index.php\/wp-json\/wp\/v2\/product"}],"about":[{"href":"https:\/\/abinox-chr-clim.com\/index.php\/wp-json\/wp\/v2\/types\/product"}],"replies":[{"embeddable":true,"href":"https:\/\/abinox-chr-clim.com\/index.php\/wp-json\/wp\/v2\/comments?post=68248"}],"wp:featuredmedia":[{"embeddable":true,"href":"https:\/\/abinox-chr-clim.com\/index.php\/wp-json\/wp\/v2\/media\/88300"}],"wp:attachment":[{"href":"https:\/\/abinox-chr-clim.com\/index.php\/wp-json\/wp\/v2\/media?parent=68248"}],"wp:term":[{"taxonomy":"product_brand","embeddable":true,"href":"https:\/\/abinox-chr-clim.com\/index.php\/wp-json\/wp\/v2\/product_brand?post=68248"},{"taxonomy":"product_cat","embeddable":true,"href":"https:\/\/abinox-chr-clim.com\/index.php\/wp-json\/wp\/v2\/product_cat?post=68248"},{"taxonomy":"product_tag","embeddable":true,"href":"https:\/\/abinox-chr-clim.com\/index.php\/wp-json\/wp\/v2\/product_tag?post=68248"}],"curies":[{"name":"wp","href":"https:\/\/api.w.org\/{rel}","templated":true}]}}