{"id":68247,"date":"2024-03-22T16:09:44","date_gmt":"2024-03-22T15:09:44","guid":{"rendered":"https:\/\/abinox-chr-clim.com\/index.php\/product\/spiralizer-de-legumes-vogue\/"},"modified":"2026-04-02T08:37:49","modified_gmt":"2026-04-02T06:37:49","slug":"spiralizer-de-legumes-vogue","status":"publish","type":"product","link":"https:\/\/abinox-chr-clim.com\/index.php\/product\/spiralizer-de-legumes-vogue\/","title":{"rendered":"Spiralizer de l\u00e9gumes Vogue"},"content":{"rendered":"<p>Fabriqu\u00e9 en plastique ABS, fourni avec quatre lames en acier inoxydable. Pour faire des spaghetti, cheveux d&rsquo;ange, longs fils de l\u00e9gumes de trois \u00e9paisseurs diff\u00e9rentes (1,2mm, 2,6mm et 4,1mm) et des boucles de l\u00e9gumes.<br \/>Trois lames interchangeables pour diff\u00e9rentes m\u00e9thodes de tranchage. Conception robuste et fiable, id\u00e9ale pour une utilisation commerciale. Pr\u00e9sentation attrayante pour impressionner les clients. Les brins fins cuisent plus rapidement. \u00c9paisseur de la lame : Fine (K468) 1,2 mm, Moyenne (K469) 2,6 mm, Grosse (K471) 4,1 mm.  Trois lames interchangeables pour diff\u00e9rentes m\u00e9thodes de tranchage.<\/p>\n<p>Caract\u00e9ristiques :<br \/> Mati\u00e8re : Inox.<br \/> Couleur : Blanc.<\/p>\n","protected":false},"excerpt":{"rendered":"<p>Spiralizer de l\u00e9gumes Vogue<\/p>\n","protected":false},"featured_media":88304,"comment_status":"closed","ping_status":"closed","template":"","meta":[],"product_brand":[],"product_cat":[1064,1297,1098,1104],"product_tag":[],"class_list":{"0":"post-68247","1":"product","2":"type-product","3":"status-publish","4":"has-post-thumbnail","6":"product_cat-cuisine","7":"product_cat-non-palettisable","8":"product_cat-ustensiles-cuisine","9":"product_cat-ustensiles-de-cuisine","10":"product_shipping_class-free-shipping","12":"first","13":"outofstock","14":"featured","15":"taxable","16":"shipping-taxable","17":"purchasable","18":"product-type-simple"},"_links":{"self":[{"href":"https:\/\/abinox-chr-clim.com\/index.php\/wp-json\/wp\/v2\/product\/68247","targetHints":{"allow":["GET"]}}],"collection":[{"href":"https:\/\/abinox-chr-clim.com\/index.php\/wp-json\/wp\/v2\/product"}],"about":[{"href":"https:\/\/abinox-chr-clim.com\/index.php\/wp-json\/wp\/v2\/types\/product"}],"replies":[{"embeddable":true,"href":"https:\/\/abinox-chr-clim.com\/index.php\/wp-json\/wp\/v2\/comments?post=68247"}],"wp:featuredmedia":[{"embeddable":true,"href":"https:\/\/abinox-chr-clim.com\/index.php\/wp-json\/wp\/v2\/media\/88304"}],"wp:attachment":[{"href":"https:\/\/abinox-chr-clim.com\/index.php\/wp-json\/wp\/v2\/media?parent=68247"}],"wp:term":[{"taxonomy":"product_brand","embeddable":true,"href":"https:\/\/abinox-chr-clim.com\/index.php\/wp-json\/wp\/v2\/product_brand?post=68247"},{"taxonomy":"product_cat","embeddable":true,"href":"https:\/\/abinox-chr-clim.com\/index.php\/wp-json\/wp\/v2\/product_cat?post=68247"},{"taxonomy":"product_tag","embeddable":true,"href":"https:\/\/abinox-chr-clim.com\/index.php\/wp-json\/wp\/v2\/product_tag?post=68247"}],"curies":[{"name":"wp","href":"https:\/\/api.w.org\/{rel}","templated":true}]}}