{"id":68246,"date":"2024-03-22T16:09:44","date_gmt":"2024-03-22T15:09:44","guid":{"rendered":"https:\/\/abinox-chr-clim.com\/index.php\/product\/mandoline-japonaise-vogue\/"},"modified":"2026-04-02T08:37:47","modified_gmt":"2026-04-02T06:37:47","slug":"mandoline-japonaise-vogue","status":"publish","type":"product","link":"https:\/\/abinox-chr-clim.com\/index.php\/product\/mandoline-japonaise-vogue\/","title":{"rendered":"Mandoline japonaise Vogue"},"content":{"rendered":"<p>Pour couper et trancher les l\u00e9gumes rapidement en un minimum d&rsquo;effort. Livr\u00e9e avec poussoir de s\u00e9curit\u00e9 et 3 lames interchangeables  (fine : 1,6 mm, moyenne : 3,2 mm et \u00e9paisse : 11 mm).<br \/>Allie coupe de pr\u00e9cision et volume. Id\u00e9ale pour une utilisation dans les cuisines professionnelles et \u00e0 domicile. 3 lames de coupe interchangeables large, moyenne et fine. Poussoir de s\u00e9curit\u00e9 inclus. Epaisseur des lames : fine (K863) 1,6mm, moyenne (K864) 3,2mm, large (K861) 7,5mm. Diminue le temps de pr\u00e9paration alimentaire. Construction en r\u00e9sine ABS robuste.Allie coupe de pr\u00e9cision et volume.<\/p>\n<p>Caract\u00e9ristiques :<br \/> Dimensions : 305(H) x 90(L) x 25(P) mm.<br \/> Mati\u00e8re : Plastique.<br \/> Couleur : Vert.<\/p>\n","protected":false},"excerpt":{"rendered":"<p>Mandoline japonaise Vogue<\/p>\n","protected":false},"featured_media":88316,"comment_status":"closed","ping_status":"closed","template":"","meta":[],"product_brand":[],"product_cat":[1064,1297,1098,1104],"product_tag":[],"class_list":{"0":"post-68246","1":"product","2":"type-product","3":"status-publish","4":"has-post-thumbnail","6":"product_cat-cuisine","7":"product_cat-non-palettisable","8":"product_cat-ustensiles-cuisine","9":"product_cat-ustensiles-de-cuisine","10":"product_shipping_class-free-shipping","12":"first","13":"outofstock","14":"featured","15":"taxable","16":"shipping-taxable","17":"purchasable","18":"product-type-simple"},"_links":{"self":[{"href":"https:\/\/abinox-chr-clim.com\/index.php\/wp-json\/wp\/v2\/product\/68246","targetHints":{"allow":["GET"]}}],"collection":[{"href":"https:\/\/abinox-chr-clim.com\/index.php\/wp-json\/wp\/v2\/product"}],"about":[{"href":"https:\/\/abinox-chr-clim.com\/index.php\/wp-json\/wp\/v2\/types\/product"}],"replies":[{"embeddable":true,"href":"https:\/\/abinox-chr-clim.com\/index.php\/wp-json\/wp\/v2\/comments?post=68246"}],"wp:featuredmedia":[{"embeddable":true,"href":"https:\/\/abinox-chr-clim.com\/index.php\/wp-json\/wp\/v2\/media\/88316"}],"wp:attachment":[{"href":"https:\/\/abinox-chr-clim.com\/index.php\/wp-json\/wp\/v2\/media?parent=68246"}],"wp:term":[{"taxonomy":"product_brand","embeddable":true,"href":"https:\/\/abinox-chr-clim.com\/index.php\/wp-json\/wp\/v2\/product_brand?post=68246"},{"taxonomy":"product_cat","embeddable":true,"href":"https:\/\/abinox-chr-clim.com\/index.php\/wp-json\/wp\/v2\/product_cat?post=68246"},{"taxonomy":"product_tag","embeddable":true,"href":"https:\/\/abinox-chr-clim.com\/index.php\/wp-json\/wp\/v2\/product_tag?post=68246"}],"curies":[{"name":"wp","href":"https:\/\/api.w.org\/{rel}","templated":true}]}}