{"id":68242,"date":"2024-03-22T16:09:42","date_gmt":"2024-03-22T15:09:42","guid":{"rendered":"https:\/\/abinox-chr-clim.com\/index.php\/product\/eplucheur-ultra-rapide-vogue\/"},"modified":"2026-04-02T08:37:20","modified_gmt":"2026-04-02T06:37:20","slug":"eplucheur-ultra-rapide-vogue","status":"publish","type":"product","link":"https:\/\/abinox-chr-clim.com\/index.php\/product\/eplucheur-ultra-rapide-vogue\/","title":{"rendered":"Eplucheur ultra rapide Vogue"},"content":{"rendered":"<p>\u00c9plucheur Vogue.<br \/>Permet de pr\u00e9parer rapidement les aliments en \u00e9pluchant le plus de l\u00e9gumes en moins de temps. La lame \u00e0 bords droits retire la pelure et non les aliments. Permet de valoriser les ingr\u00e9dients r\u00e9duisant le gaspillage alimentaire. Les empreintes de doigts permettent une prise en main plus confortable r\u00e9duisant la fatigue. Facile \u00e0 nettoyer pour une durabilit\u00e9 plus grande.  Permet de pr\u00e9parer rapidement les aliments en \u00e9pluchant le plus de l\u00e9gumes en moins de temps.<\/p>\n<p>Caract\u00e9ristiques :<br \/> Mati\u00e8re : Inox.<br \/> Couleur : Argent.<\/p>\n","protected":false},"excerpt":{"rendered":"<p>Eplucheur ultra rapide Vogue<\/p>\n","protected":false},"featured_media":88496,"comment_status":"closed","ping_status":"closed","template":"","meta":[],"product_brand":[],"product_cat":[1064,1297,1098,1104],"product_tag":[],"class_list":{"0":"post-68242","1":"product","2":"type-product","3":"status-publish","4":"has-post-thumbnail","6":"product_cat-cuisine","7":"product_cat-non-palettisable","8":"product_cat-ustensiles-cuisine","9":"product_cat-ustensiles-de-cuisine","10":"product_shipping_class-free-shipping","12":"first","13":"instock","14":"featured","15":"taxable","16":"shipping-taxable","17":"purchasable","18":"product-type-simple"},"_links":{"self":[{"href":"https:\/\/abinox-chr-clim.com\/index.php\/wp-json\/wp\/v2\/product\/68242","targetHints":{"allow":["GET"]}}],"collection":[{"href":"https:\/\/abinox-chr-clim.com\/index.php\/wp-json\/wp\/v2\/product"}],"about":[{"href":"https:\/\/abinox-chr-clim.com\/index.php\/wp-json\/wp\/v2\/types\/product"}],"replies":[{"embeddable":true,"href":"https:\/\/abinox-chr-clim.com\/index.php\/wp-json\/wp\/v2\/comments?post=68242"}],"wp:featuredmedia":[{"embeddable":true,"href":"https:\/\/abinox-chr-clim.com\/index.php\/wp-json\/wp\/v2\/media\/88496"}],"wp:attachment":[{"href":"https:\/\/abinox-chr-clim.com\/index.php\/wp-json\/wp\/v2\/media?parent=68242"}],"wp:term":[{"taxonomy":"product_brand","embeddable":true,"href":"https:\/\/abinox-chr-clim.com\/index.php\/wp-json\/wp\/v2\/product_brand?post=68242"},{"taxonomy":"product_cat","embeddable":true,"href":"https:\/\/abinox-chr-clim.com\/index.php\/wp-json\/wp\/v2\/product_cat?post=68242"},{"taxonomy":"product_tag","embeddable":true,"href":"https:\/\/abinox-chr-clim.com\/index.php\/wp-json\/wp\/v2\/product_tag?post=68242"}],"curies":[{"name":"wp","href":"https:\/\/api.w.org\/{rel}","templated":true}]}}