{"id":68232,"date":"2024-03-22T16:09:39","date_gmt":"2024-03-22T15:09:39","guid":{"rendered":"https:\/\/abinox-chr-clim.com\/index.php\/product\/fouet-24-fils-schneider-400mm\/"},"modified":"2025-11-11T09:51:48","modified_gmt":"2025-11-11T08:51:48","slug":"fouet-24-fils-schneider-400mm","status":"publish","type":"product","link":"https:\/\/abinox-chr-clim.com\/index.php\/product\/fouet-24-fils-schneider-400mm\/","title":{"rendered":"Fouet 24 fils Schneider 400mm"},"content":{"rendered":"<p>Fouets en acier inoxydable r\u00e9sistant et manche en polypropyl\u00e8ne.<br \/>Manche avec crochet de suspension. R\u00e9sistance \u00e0 la chaleur jusqu&rsquo;\u00e0 200\u00b0C. Lavable au lave-vaisselle. Epaisseur des fils 1,6 mm. 24 fils.  Manche avec crochet de suspension.<\/p>\n<p>Caract\u00e9ristiques :<br \/> Dimensions : 90(L) x 410(L) mm.<br \/> Mati\u00e8re : Inox.<br \/> Couleur : Noir.<\/p>\n","protected":false},"excerpt":{"rendered":"<p>Fouet 24 fils Schneider 400mm<\/p>\n","protected":false},"featured_media":88687,"comment_status":"closed","ping_status":"closed","template":"","meta":[],"product_brand":[],"product_cat":[1064,1297,1098,1104],"product_tag":[],"class_list":{"0":"post-68232","1":"product","2":"type-product","3":"status-publish","4":"has-post-thumbnail","6":"product_cat-cuisine","7":"product_cat-non-palettisable","8":"product_cat-ustensiles-cuisine","9":"product_cat-ustensiles-de-cuisine","10":"product_shipping_class-free-shipping","12":"first","13":"outofstock","14":"featured","15":"taxable","16":"shipping-taxable","17":"purchasable","18":"product-type-simple"},"_links":{"self":[{"href":"https:\/\/abinox-chr-clim.com\/index.php\/wp-json\/wp\/v2\/product\/68232","targetHints":{"allow":["GET"]}}],"collection":[{"href":"https:\/\/abinox-chr-clim.com\/index.php\/wp-json\/wp\/v2\/product"}],"about":[{"href":"https:\/\/abinox-chr-clim.com\/index.php\/wp-json\/wp\/v2\/types\/product"}],"replies":[{"embeddable":true,"href":"https:\/\/abinox-chr-clim.com\/index.php\/wp-json\/wp\/v2\/comments?post=68232"}],"wp:featuredmedia":[{"embeddable":true,"href":"https:\/\/abinox-chr-clim.com\/index.php\/wp-json\/wp\/v2\/media\/88687"}],"wp:attachment":[{"href":"https:\/\/abinox-chr-clim.com\/index.php\/wp-json\/wp\/v2\/media?parent=68232"}],"wp:term":[{"taxonomy":"product_brand","embeddable":true,"href":"https:\/\/abinox-chr-clim.com\/index.php\/wp-json\/wp\/v2\/product_brand?post=68232"},{"taxonomy":"product_cat","embeddable":true,"href":"https:\/\/abinox-chr-clim.com\/index.php\/wp-json\/wp\/v2\/product_cat?post=68232"},{"taxonomy":"product_tag","embeddable":true,"href":"https:\/\/abinox-chr-clim.com\/index.php\/wp-json\/wp\/v2\/product_tag?post=68232"}],"curies":[{"name":"wp","href":"https:\/\/api.w.org\/{rel}","templated":true}]}}