{"id":68228,"date":"2024-03-22T16:09:37","date_gmt":"2024-03-22T15:09:37","guid":{"rendered":"https:\/\/abinox-chr-clim.com\/index.php\/product\/ouvre-boites-bonzer-classic-r-406mm\/"},"modified":"2026-04-02T08:36:24","modified_gmt":"2026-04-02T06:36:24","slug":"ouvre-boites-bonzer-classic-r-406mm","status":"publish","type":"product","link":"https:\/\/abinox-chr-clim.com\/index.php\/product\/ouvre-boites-bonzer-classic-r-406mm\/","title":{"rendered":"Ouvre-bo\u00eetes Bonzer Classic R 406mm"},"content":{"rendered":"<p>Essentiels en cuisine, ces ouvre-bo\u00eetes sont con\u00e7us pour \u00eatre utilis\u00e9s sans effort et poss\u00e8dent un support de lame amovible pour en faciliter le changement. Poss\u00e8dent un double syst\u00e8me de fixation mont\u00e9 d&rsquo;origine. Adapt\u00e9s \u00e0 tous les diam\u00e8tres de bo\u00eetes de conserve.<br \/>Porte-lame brevet\u00e9 \u00e0 d\u00e9gagement rapide pour faciliter le nettoyage. M\u00e9chanisme lavable au lave-vaisselle. Ouvre jusqu&rsquo;\u00e0 10 bo\u00eetes de 41cm par jour. Les lames antibact\u00e9riennes faciles \u00e0 changer coupent sans effort les bo\u00eetes de conserve. S&rsquo;installe \u00e0 l&rsquo;aide de vis et se fixe sur une surface plane. Molette solide de 40 mm &#8211; facile \u00e0 remplacer si n\u00e9cessaire. Fabriqu\u00e9 au Royaume-Uni avec un contr\u00f4le de qualit\u00e9 individuel avant la mise en vente. Axe 41cm pour conserves de taille standard.Porte-lame brevet\u00e9 \u00e0 d\u00e9gagement rapide pour faciliter le nettoyage.<\/p>\n<p>Caract\u00e9ristiques :<br \/> Dimensions : 410(L) mm.<br \/> Mati\u00e8re : Inox.<br \/> Couleur : Argent.<\/p>\n","protected":false},"excerpt":{"rendered":"<p>Ouvre-bo\u00eetes Bonzer Classic R 406mm<\/p>\n","protected":false},"featured_media":88726,"comment_status":"closed","ping_status":"closed","template":"","meta":[],"product_brand":[],"product_cat":[1064,1297,1098,1104],"product_tag":[],"class_list":{"0":"post-68228","1":"product","2":"type-product","3":"status-publish","4":"has-post-thumbnail","6":"product_cat-cuisine","7":"product_cat-non-palettisable","8":"product_cat-ustensiles-cuisine","9":"product_cat-ustensiles-de-cuisine","10":"product_shipping_class-free-shipping","12":"first","13":"instock","14":"featured","15":"taxable","16":"shipping-taxable","17":"purchasable","18":"product-type-simple"},"_links":{"self":[{"href":"https:\/\/abinox-chr-clim.com\/index.php\/wp-json\/wp\/v2\/product\/68228","targetHints":{"allow":["GET"]}}],"collection":[{"href":"https:\/\/abinox-chr-clim.com\/index.php\/wp-json\/wp\/v2\/product"}],"about":[{"href":"https:\/\/abinox-chr-clim.com\/index.php\/wp-json\/wp\/v2\/types\/product"}],"replies":[{"embeddable":true,"href":"https:\/\/abinox-chr-clim.com\/index.php\/wp-json\/wp\/v2\/comments?post=68228"}],"wp:featuredmedia":[{"embeddable":true,"href":"https:\/\/abinox-chr-clim.com\/index.php\/wp-json\/wp\/v2\/media\/88726"}],"wp:attachment":[{"href":"https:\/\/abinox-chr-clim.com\/index.php\/wp-json\/wp\/v2\/media?parent=68228"}],"wp:term":[{"taxonomy":"product_brand","embeddable":true,"href":"https:\/\/abinox-chr-clim.com\/index.php\/wp-json\/wp\/v2\/product_brand?post=68228"},{"taxonomy":"product_cat","embeddable":true,"href":"https:\/\/abinox-chr-clim.com\/index.php\/wp-json\/wp\/v2\/product_cat?post=68228"},{"taxonomy":"product_tag","embeddable":true,"href":"https:\/\/abinox-chr-clim.com\/index.php\/wp-json\/wp\/v2\/product_tag?post=68228"}],"curies":[{"name":"wp","href":"https:\/\/api.w.org\/{rel}","templated":true}]}}