{"id":68227,"date":"2024-03-22T16:09:35","date_gmt":"2024-03-22T15:09:35","guid":{"rendered":"https:\/\/abinox-chr-clim.com\/index.php\/product\/bouteille-souple-transparente-3-embouts-vogue-908ml\/"},"modified":"2026-04-02T09:29:04","modified_gmt":"2026-04-02T07:29:04","slug":"bouteille-souple-transparente-3-embouts-vogue-908ml","status":"publish","type":"product","link":"https:\/\/abinox-chr-clim.com\/index.php\/product\/bouteille-souple-transparente-3-embouts-vogue-908ml\/","title":{"rendered":"Bouteille souple transparente 3 embouts Vogue 908ml"},"content":{"rendered":"<p>Bouteille souple transparente et r\u00e9sistante avec trois embouts, pour une distribution facile et rapide des sauces.<br \/>Bouchon \u00e0 vis et col large pour des recharges rapides et faciles. La conception facile \u00e0 nettoyer permet de r\u00e9utiliser les bouteilles \u00e0 l&rsquo;infini. Le plastique robuste et durable est virtuellement incassable pour une fiabilit\u00e9 durable. Conception \u00e0 trois becs &#8211; id\u00e9ale pour servir les desserts. Le mat\u00e9riau transparent vous permet de surveiller les niveaux de stock et d&rsquo;\u00e9viter d&rsquo;\u00eatre vide en plein service. Super \u00e9troit pour une distribution rapide et facile \u00e0 contr\u00f4ler.Le bouchon de buse reli\u00e9 r\u00e9duit le risque de contamination lorsqu&rsquo;il n&rsquo;est pas utilis\u00e9.Bouchon \u00e0 vis et col large pour des recharges rapides et faciles.<\/p>\n<p>Caract\u00e9ristiques :<br \/> Capacit\u00e9 : 908ml.<br \/> Dimensions : 244(H) x 77(\u00d8)mm.<br \/> Mati\u00e8re : Plastique.<br \/> Couleur : Transparent.<\/p>\n","protected":false},"excerpt":{"rendered":"<p>Bouteille souple transparente 3 embouts Vogue 908ml<\/p>\n","protected":false},"featured_media":88990,"comment_status":"closed","ping_status":"closed","template":"","meta":[],"product_brand":[],"product_cat":[1064,1297,1098,1104],"product_tag":[],"class_list":{"0":"post-68227","1":"product","2":"type-product","3":"status-publish","4":"has-post-thumbnail","6":"product_cat-cuisine","7":"product_cat-non-palettisable","8":"product_cat-ustensiles-cuisine","9":"product_cat-ustensiles-de-cuisine","10":"product_shipping_class-free-shipping","12":"first","13":"instock","14":"featured","15":"taxable","16":"shipping-taxable","17":"purchasable","18":"product-type-simple"},"_links":{"self":[{"href":"https:\/\/abinox-chr-clim.com\/index.php\/wp-json\/wp\/v2\/product\/68227","targetHints":{"allow":["GET"]}}],"collection":[{"href":"https:\/\/abinox-chr-clim.com\/index.php\/wp-json\/wp\/v2\/product"}],"about":[{"href":"https:\/\/abinox-chr-clim.com\/index.php\/wp-json\/wp\/v2\/types\/product"}],"replies":[{"embeddable":true,"href":"https:\/\/abinox-chr-clim.com\/index.php\/wp-json\/wp\/v2\/comments?post=68227"}],"wp:featuredmedia":[{"embeddable":true,"href":"https:\/\/abinox-chr-clim.com\/index.php\/wp-json\/wp\/v2\/media\/88990"}],"wp:attachment":[{"href":"https:\/\/abinox-chr-clim.com\/index.php\/wp-json\/wp\/v2\/media?parent=68227"}],"wp:term":[{"taxonomy":"product_brand","embeddable":true,"href":"https:\/\/abinox-chr-clim.com\/index.php\/wp-json\/wp\/v2\/product_brand?post=68227"},{"taxonomy":"product_cat","embeddable":true,"href":"https:\/\/abinox-chr-clim.com\/index.php\/wp-json\/wp\/v2\/product_cat?post=68227"},{"taxonomy":"product_tag","embeddable":true,"href":"https:\/\/abinox-chr-clim.com\/index.php\/wp-json\/wp\/v2\/product_tag?post=68227"}],"curies":[{"name":"wp","href":"https:\/\/api.w.org\/{rel}","templated":true}]}}