{"id":68223,"date":"2024-03-22T16:09:34","date_gmt":"2024-03-22T15:09:34","guid":{"rendered":"https:\/\/abinox-chr-clim.com\/index.php\/product\/bouteille-de-sauce-araven-1000ml\/"},"modified":"2026-04-02T09:33:37","modified_gmt":"2026-04-02T07:33:37","slug":"bouteille-de-sauce-araven-1000ml","status":"publish","type":"product","link":"https:\/\/abinox-chr-clim.com\/index.php\/product\/bouteille-de-sauce-araven-1000ml\/","title":{"rendered":"Bouteille de sauce Araven 1000ml"},"content":{"rendered":"<p>Doseur translucide con\u00e7u pour tracer des lignes de sauce continues avec des buses interchangeables. Temp\u00e9ratures d&rsquo;utilisation de -40\u00b0C \u00e0 90\u00b0C.<br \/>Buse sp\u00e9ciale pour le dosage de sauce en ligne continue. Marques de coupe pour les diam\u00e8tres de distribution. Translucide. Syst\u00e8me d&rsquo;ouverture et fermeture facile. Compatible lave-vaisselle. Buses interchangeables. Bouchon.Buse sp\u00e9ciale pour le dosage de sauce en ligne continue.<\/p>\n<p>Caract\u00e9ristiques :<br \/> Capacit\u00e9 : 1 L.<br \/> Dimensions : 311(H) x 75(\u00d8) mm.<br \/> Mati\u00e8re : Poly\u00e9thyl\u00e8ne.<br \/> Couleur : Transparent.<\/p>\n","protected":false},"excerpt":{"rendered":"<p>Bouteille de sauce Araven 1000ml<\/p>\n","protected":false},"featured_media":87135,"comment_status":"closed","ping_status":"closed","template":"","meta":[],"product_brand":[],"product_cat":[1064,1297,1098,1104],"product_tag":[],"class_list":{"0":"post-68223","1":"product","2":"type-product","3":"status-publish","4":"has-post-thumbnail","6":"product_cat-cuisine","7":"product_cat-non-palettisable","8":"product_cat-ustensiles-cuisine","9":"product_cat-ustensiles-de-cuisine","10":"product_shipping_class-free-shipping","12":"first","13":"instock","14":"featured","15":"taxable","16":"shipping-taxable","17":"purchasable","18":"product-type-simple"},"_links":{"self":[{"href":"https:\/\/abinox-chr-clim.com\/index.php\/wp-json\/wp\/v2\/product\/68223","targetHints":{"allow":["GET"]}}],"collection":[{"href":"https:\/\/abinox-chr-clim.com\/index.php\/wp-json\/wp\/v2\/product"}],"about":[{"href":"https:\/\/abinox-chr-clim.com\/index.php\/wp-json\/wp\/v2\/types\/product"}],"replies":[{"embeddable":true,"href":"https:\/\/abinox-chr-clim.com\/index.php\/wp-json\/wp\/v2\/comments?post=68223"}],"wp:featuredmedia":[{"embeddable":true,"href":"https:\/\/abinox-chr-clim.com\/index.php\/wp-json\/wp\/v2\/media\/87135"}],"wp:attachment":[{"href":"https:\/\/abinox-chr-clim.com\/index.php\/wp-json\/wp\/v2\/media?parent=68223"}],"wp:term":[{"taxonomy":"product_brand","embeddable":true,"href":"https:\/\/abinox-chr-clim.com\/index.php\/wp-json\/wp\/v2\/product_brand?post=68223"},{"taxonomy":"product_cat","embeddable":true,"href":"https:\/\/abinox-chr-clim.com\/index.php\/wp-json\/wp\/v2\/product_cat?post=68223"},{"taxonomy":"product_tag","embeddable":true,"href":"https:\/\/abinox-chr-clim.com\/index.php\/wp-json\/wp\/v2\/product_tag?post=68223"}],"curies":[{"name":"wp","href":"https:\/\/api.w.org\/{rel}","templated":true}]}}