{"id":68222,"date":"2024-03-22T16:09:33","date_gmt":"2024-03-22T15:09:33","guid":{"rendered":"https:\/\/abinox-chr-clim.com\/index.php\/product\/bouteille-de-sauce-anti-goutte-araven-1000ml\/"},"modified":"2026-04-02T09:33:36","modified_gmt":"2026-04-02T07:33:36","slug":"bouteille-de-sauce-anti-goutte-araven-1000ml","status":"publish","type":"product","link":"https:\/\/abinox-chr-clim.com\/index.php\/product\/bouteille-de-sauce-anti-goutte-araven-1000ml\/","title":{"rendered":"Bouteille de sauce anti-goutte Araven 1000ml"},"content":{"rendered":"<p>Bouteille translucide pour le dosage des sauces. \u00c9chelle de mesure pr\u00e9cise en ml \/ oz sur la bouteille. Plage de temp\u00e9rature d&rsquo;utilisation comprise entre -40\u00b0C et 90\u00b0C.<br \/>Valve anti-goutte en silicone. Echelle de contenu en ml et oz. Translucide. Syst\u00e8me d&rsquo;ouverture et fermeture facile. Compatible lave-vaisselle. Buses interchangeables.  Valve anti-goutte en silicone.<\/p>\n<p>Caract\u00e9ristiques :<br \/> Capacit\u00e9 : 1 L.<br \/> Dimensions : 311(H) x 75(\u00d8) mm.<br \/> Mati\u00e8re : Poly\u00e9thyl\u00e8ne.<br \/> Couleur : Transparent.<\/p>\n","protected":false},"excerpt":{"rendered":"<p>Bouteille de sauce anti-goutte Araven 1000ml<\/p>\n","protected":false},"featured_media":87132,"comment_status":"closed","ping_status":"closed","template":"","meta":[],"product_brand":[],"product_cat":[1064,1297,1098,1104],"product_tag":[],"class_list":{"0":"post-68222","1":"product","2":"type-product","3":"status-publish","4":"has-post-thumbnail","6":"product_cat-cuisine","7":"product_cat-non-palettisable","8":"product_cat-ustensiles-cuisine","9":"product_cat-ustensiles-de-cuisine","10":"product_shipping_class-free-shipping","12":"first","13":"instock","14":"featured","15":"taxable","16":"shipping-taxable","17":"purchasable","18":"product-type-simple"},"_links":{"self":[{"href":"https:\/\/abinox-chr-clim.com\/index.php\/wp-json\/wp\/v2\/product\/68222","targetHints":{"allow":["GET"]}}],"collection":[{"href":"https:\/\/abinox-chr-clim.com\/index.php\/wp-json\/wp\/v2\/product"}],"about":[{"href":"https:\/\/abinox-chr-clim.com\/index.php\/wp-json\/wp\/v2\/types\/product"}],"replies":[{"embeddable":true,"href":"https:\/\/abinox-chr-clim.com\/index.php\/wp-json\/wp\/v2\/comments?post=68222"}],"wp:featuredmedia":[{"embeddable":true,"href":"https:\/\/abinox-chr-clim.com\/index.php\/wp-json\/wp\/v2\/media\/87132"}],"wp:attachment":[{"href":"https:\/\/abinox-chr-clim.com\/index.php\/wp-json\/wp\/v2\/media?parent=68222"}],"wp:term":[{"taxonomy":"product_brand","embeddable":true,"href":"https:\/\/abinox-chr-clim.com\/index.php\/wp-json\/wp\/v2\/product_brand?post=68222"},{"taxonomy":"product_cat","embeddable":true,"href":"https:\/\/abinox-chr-clim.com\/index.php\/wp-json\/wp\/v2\/product_cat?post=68222"},{"taxonomy":"product_tag","embeddable":true,"href":"https:\/\/abinox-chr-clim.com\/index.php\/wp-json\/wp\/v2\/product_tag?post=68222"}],"curies":[{"name":"wp","href":"https:\/\/api.w.org\/{rel}","templated":true}]}}