{"id":68219,"date":"2024-03-22T16:09:32","date_gmt":"2024-03-22T15:09:32","guid":{"rendered":"https:\/\/abinox-chr-clim.com\/index.php\/product\/cuillere-de-service-perforee-manche-noir-vogue-34-cm\/"},"modified":"2026-04-02T09:38:12","modified_gmt":"2026-04-02T07:38:12","slug":"cuillere-de-service-perforee-manche-noir-vogue-34-cm","status":"publish","type":"product","link":"https:\/\/abinox-chr-clim.com\/index.php\/product\/cuillere-de-service-perforee-manche-noir-vogue-34-cm\/","title":{"rendered":"Cuill\u00e8re de service perfor\u00e9e manche noir Vogue 34 cm"},"content":{"rendered":"<p>Longueur 340mm. Mat\u00e9riau inox. Compatible lave-vaisselle. Manche ergonomique confortable. Perfor\u00e9e.  Longueur 340mm.<\/p>\n<p>Caract\u00e9ristiques :<br \/> Mati\u00e8re : Inox et vinyle<\/p>\n","protected":false},"excerpt":{"rendered":"<p>Cuill\u00e8re de service perfor\u00e9e manche noir Vogue 34 cm<\/p>\n","protected":false},"featured_media":86067,"comment_status":"closed","ping_status":"closed","template":"","meta":[],"product_brand":[],"product_cat":[1064,1297,1098,1104],"product_tag":[],"class_list":{"0":"post-68219","1":"product","2":"type-product","3":"status-publish","4":"has-post-thumbnail","6":"product_cat-cuisine","7":"product_cat-non-palettisable","8":"product_cat-ustensiles-cuisine","9":"product_cat-ustensiles-de-cuisine","10":"product_shipping_class-free-shipping","12":"first","13":"outofstock","14":"featured","15":"taxable","16":"shipping-taxable","17":"purchasable","18":"product-type-simple"},"_links":{"self":[{"href":"https:\/\/abinox-chr-clim.com\/index.php\/wp-json\/wp\/v2\/product\/68219","targetHints":{"allow":["GET"]}}],"collection":[{"href":"https:\/\/abinox-chr-clim.com\/index.php\/wp-json\/wp\/v2\/product"}],"about":[{"href":"https:\/\/abinox-chr-clim.com\/index.php\/wp-json\/wp\/v2\/types\/product"}],"replies":[{"embeddable":true,"href":"https:\/\/abinox-chr-clim.com\/index.php\/wp-json\/wp\/v2\/comments?post=68219"}],"wp:featuredmedia":[{"embeddable":true,"href":"https:\/\/abinox-chr-clim.com\/index.php\/wp-json\/wp\/v2\/media\/86067"}],"wp:attachment":[{"href":"https:\/\/abinox-chr-clim.com\/index.php\/wp-json\/wp\/v2\/media?parent=68219"}],"wp:term":[{"taxonomy":"product_brand","embeddable":true,"href":"https:\/\/abinox-chr-clim.com\/index.php\/wp-json\/wp\/v2\/product_brand?post=68219"},{"taxonomy":"product_cat","embeddable":true,"href":"https:\/\/abinox-chr-clim.com\/index.php\/wp-json\/wp\/v2\/product_cat?post=68219"},{"taxonomy":"product_tag","embeddable":true,"href":"https:\/\/abinox-chr-clim.com\/index.php\/wp-json\/wp\/v2\/product_tag?post=68219"}],"curies":[{"name":"wp","href":"https:\/\/api.w.org\/{rel}","templated":true}]}}