{"id":68216,"date":"2024-03-22T16:09:31","date_gmt":"2024-03-22T15:09:31","guid":{"rendered":"https:\/\/abinox-chr-clim.com\/index.php\/product\/pince-en-silicone-vogue-230mm\/"},"modified":"2026-04-02T09:41:12","modified_gmt":"2026-04-02T07:41:12","slug":"pince-en-silicone-vogue-230mm","status":"publish","type":"product","link":"https:\/\/abinox-chr-clim.com\/index.php\/product\/pince-en-silicone-vogue-230mm\/","title":{"rendered":"Pince en silicone Vogue 230mm"},"content":{"rendered":"<p>Dimensions 230(L)mm. Manche souple et antid\u00e9rapant et repose-pouce confortable. M\u00e9canisme de verrouillage pour un rangement pratique. Les embouts en silicone r\u00e9sistent \u00e0 la chaleur jusqu&rsquo;\u00e0 310 \u00b0 C. Utilisation sans risque avec les batteries de cuisine antiadh\u00e9sives.  Dimensions 230(L)mm.<\/p>\n<p>Caract\u00e9ristiques :<br \/> Dimensions : 230(L) mm.<br \/> Mati\u00e8re : Inox et silicone<\/p>\n","protected":false},"excerpt":{"rendered":"<p>Pince en silicone Vogue 230mm<\/p>\n","protected":false},"featured_media":85988,"comment_status":"closed","ping_status":"closed","template":"","meta":[],"product_brand":[],"product_cat":[1064,1297,1098,1104],"product_tag":[],"class_list":{"0":"post-68216","1":"product","2":"type-product","3":"status-publish","4":"has-post-thumbnail","6":"product_cat-cuisine","7":"product_cat-non-palettisable","8":"product_cat-ustensiles-cuisine","9":"product_cat-ustensiles-de-cuisine","10":"product_shipping_class-free-shipping","12":"first","13":"instock","14":"featured","15":"taxable","16":"shipping-taxable","17":"purchasable","18":"product-type-simple"},"_links":{"self":[{"href":"https:\/\/abinox-chr-clim.com\/index.php\/wp-json\/wp\/v2\/product\/68216","targetHints":{"allow":["GET"]}}],"collection":[{"href":"https:\/\/abinox-chr-clim.com\/index.php\/wp-json\/wp\/v2\/product"}],"about":[{"href":"https:\/\/abinox-chr-clim.com\/index.php\/wp-json\/wp\/v2\/types\/product"}],"replies":[{"embeddable":true,"href":"https:\/\/abinox-chr-clim.com\/index.php\/wp-json\/wp\/v2\/comments?post=68216"}],"wp:featuredmedia":[{"embeddable":true,"href":"https:\/\/abinox-chr-clim.com\/index.php\/wp-json\/wp\/v2\/media\/85988"}],"wp:attachment":[{"href":"https:\/\/abinox-chr-clim.com\/index.php\/wp-json\/wp\/v2\/media?parent=68216"}],"wp:term":[{"taxonomy":"product_brand","embeddable":true,"href":"https:\/\/abinox-chr-clim.com\/index.php\/wp-json\/wp\/v2\/product_brand?post=68216"},{"taxonomy":"product_cat","embeddable":true,"href":"https:\/\/abinox-chr-clim.com\/index.php\/wp-json\/wp\/v2\/product_cat?post=68216"},{"taxonomy":"product_tag","embeddable":true,"href":"https:\/\/abinox-chr-clim.com\/index.php\/wp-json\/wp\/v2\/product_tag?post=68216"}],"curies":[{"name":"wp","href":"https:\/\/api.w.org\/{rel}","templated":true}]}}