{"id":68215,"date":"2024-03-22T16:09:31","date_gmt":"2024-03-22T15:09:31","guid":{"rendered":"https:\/\/abinox-chr-clim.com\/index.php\/product\/panier-a-spaghetti-inox-vogue-180mm\/"},"modified":"2026-04-02T09:41:11","modified_gmt":"2026-04-02T07:41:11","slug":"panier-a-spaghetti-inox-vogue-180mm","status":"publish","type":"product","link":"https:\/\/abinox-chr-clim.com\/index.php\/product\/panier-a-spaghetti-inox-vogue-180mm\/","title":{"rendered":"Panier \u00e0 spaghetti inox Vogue 180mm"},"content":{"rendered":"<p>Acier inoxydable.<br \/>Compatible lave-vaisselle. Permet un \u00e9gouttage rapide. Construction robuste. Manche facile \u00e0 suspendre pour le rangement. Id\u00e9al pour le contr\u00f4le des portions. Id\u00e9al pour r\u00e9chauffer les l\u00e9gumes ou frire de petites pr\u00e9parations.  Compatible lave-vaisselle.<\/p>\n<p>Caract\u00e9ristiques :<br \/> Dimensions : 180mm (\u00d8).<br \/> Mati\u00e8re : Inox.<br \/> Couleur : Acier inoxydable.<\/p>\n","protected":false},"excerpt":{"rendered":"<p>Panier \u00e0 spaghetti inox Vogue 180mm<\/p>\n","protected":false},"featured_media":85973,"comment_status":"closed","ping_status":"closed","template":"","meta":[],"product_brand":[],"product_cat":[1064,1297,1098,1104],"product_tag":[],"class_list":{"0":"post-68215","1":"product","2":"type-product","3":"status-publish","4":"has-post-thumbnail","6":"product_cat-cuisine","7":"product_cat-non-palettisable","8":"product_cat-ustensiles-cuisine","9":"product_cat-ustensiles-de-cuisine","10":"product_shipping_class-free-shipping","12":"first","13":"instock","14":"featured","15":"taxable","16":"shipping-taxable","17":"purchasable","18":"product-type-simple"},"_links":{"self":[{"href":"https:\/\/abinox-chr-clim.com\/index.php\/wp-json\/wp\/v2\/product\/68215","targetHints":{"allow":["GET"]}}],"collection":[{"href":"https:\/\/abinox-chr-clim.com\/index.php\/wp-json\/wp\/v2\/product"}],"about":[{"href":"https:\/\/abinox-chr-clim.com\/index.php\/wp-json\/wp\/v2\/types\/product"}],"replies":[{"embeddable":true,"href":"https:\/\/abinox-chr-clim.com\/index.php\/wp-json\/wp\/v2\/comments?post=68215"}],"wp:featuredmedia":[{"embeddable":true,"href":"https:\/\/abinox-chr-clim.com\/index.php\/wp-json\/wp\/v2\/media\/85973"}],"wp:attachment":[{"href":"https:\/\/abinox-chr-clim.com\/index.php\/wp-json\/wp\/v2\/media?parent=68215"}],"wp:term":[{"taxonomy":"product_brand","embeddable":true,"href":"https:\/\/abinox-chr-clim.com\/index.php\/wp-json\/wp\/v2\/product_brand?post=68215"},{"taxonomy":"product_cat","embeddable":true,"href":"https:\/\/abinox-chr-clim.com\/index.php\/wp-json\/wp\/v2\/product_cat?post=68215"},{"taxonomy":"product_tag","embeddable":true,"href":"https:\/\/abinox-chr-clim.com\/index.php\/wp-json\/wp\/v2\/product_tag?post=68215"}],"curies":[{"name":"wp","href":"https:\/\/api.w.org\/{rel}","templated":true}]}}