{"id":68211,"date":"2024-03-22T16:09:29","date_gmt":"2024-03-22T15:09:29","guid":{"rendered":"https:\/\/abinox-chr-clim.com\/index.php\/product\/kit-barbecue-4-ustensiles-deglon\/"},"modified":"2026-04-02T09:33:02","modified_gmt":"2026-04-02T07:33:02","slug":"kit-barbecue-4-ustensiles-deglon","status":"publish","type":"product","link":"https:\/\/abinox-chr-clim.com\/index.php\/product\/kit-barbecue-4-ustensiles-deglon\/","title":{"rendered":"Kit barbecue 4 ustensiles Deglon"},"content":{"rendered":"<p>L&rsquo;ensemble comprend un couteau et une fourchette \u00e0 viande, une pince et une spatule. Livr\u00e9s dans une housse.<br \/>Housse en nylon renforc\u00e9, pratique et transportable. Ustensiles en acier inoxydable. Long manche en bois bubinga. L&rsquo;ensemble comprend un couteau et une fourchette \u00e0 viande, une pince et une spatule. Lavage \u00e0 la main uniquement.  Housse en nylon renforc\u00e9, pratique et transportable.<\/p>\n<p>Caract\u00e9ristiques :<br \/> Dimensions : 530(H) x 100(L) x 80(P)mm.<br \/> Mati\u00e8re : Acier inoxydable.<br \/> Couleur : Argent.<\/p>\n","protected":false},"excerpt":{"rendered":"<p>Kit barbecue 4 ustensiles Deglon<\/p>\n","protected":false},"featured_media":85567,"comment_status":"closed","ping_status":"closed","template":"","meta":[],"product_brand":[],"product_cat":[1064,1297,1098,1104],"product_tag":[],"class_list":{"0":"post-68211","1":"product","2":"type-product","3":"status-publish","4":"has-post-thumbnail","6":"product_cat-cuisine","7":"product_cat-non-palettisable","8":"product_cat-ustensiles-cuisine","9":"product_cat-ustensiles-de-cuisine","10":"product_shipping_class-free-shipping","12":"first","13":"instock","14":"featured","15":"taxable","16":"shipping-taxable","17":"purchasable","18":"product-type-simple"},"_links":{"self":[{"href":"https:\/\/abinox-chr-clim.com\/index.php\/wp-json\/wp\/v2\/product\/68211","targetHints":{"allow":["GET"]}}],"collection":[{"href":"https:\/\/abinox-chr-clim.com\/index.php\/wp-json\/wp\/v2\/product"}],"about":[{"href":"https:\/\/abinox-chr-clim.com\/index.php\/wp-json\/wp\/v2\/types\/product"}],"replies":[{"embeddable":true,"href":"https:\/\/abinox-chr-clim.com\/index.php\/wp-json\/wp\/v2\/comments?post=68211"}],"wp:featuredmedia":[{"embeddable":true,"href":"https:\/\/abinox-chr-clim.com\/index.php\/wp-json\/wp\/v2\/media\/85567"}],"wp:attachment":[{"href":"https:\/\/abinox-chr-clim.com\/index.php\/wp-json\/wp\/v2\/media?parent=68211"}],"wp:term":[{"taxonomy":"product_brand","embeddable":true,"href":"https:\/\/abinox-chr-clim.com\/index.php\/wp-json\/wp\/v2\/product_brand?post=68211"},{"taxonomy":"product_cat","embeddable":true,"href":"https:\/\/abinox-chr-clim.com\/index.php\/wp-json\/wp\/v2\/product_cat?post=68211"},{"taxonomy":"product_tag","embeddable":true,"href":"https:\/\/abinox-chr-clim.com\/index.php\/wp-json\/wp\/v2\/product_tag?post=68211"}],"curies":[{"name":"wp","href":"https:\/\/api.w.org\/{rel}","templated":true}]}}