{"id":68210,"date":"2024-03-22T16:09:29","date_gmt":"2024-03-22T15:09:29","guid":{"rendered":"https:\/\/abinox-chr-clim.com\/index.php\/product\/kit-plancha-4-ustensiles-deglon\/"},"modified":"2026-04-02T09:33:01","modified_gmt":"2026-04-02T07:33:01","slug":"kit-plancha-4-ustensiles-deglon","status":"publish","type":"product","link":"https:\/\/abinox-chr-clim.com\/index.php\/product\/kit-plancha-4-ustensiles-deglon\/","title":{"rendered":"Kit plancha 4 ustensiles Deglon"},"content":{"rendered":"<p>L&rsquo;encoche du manche permet de maintenir l&rsquo;outil accroch\u00e9 sur le bord des plats. Les 2 pelles disposent d&rsquo;une lame en inox de 14 cm de largeur. La pelle \u00e0 poisson dispose d&rsquo;une lame ajour\u00e9e en inox de largeur 22 cm. La presse est compos\u00e9 d&rsquo;une poign\u00e9e en bois anti-chaleur et d&rsquo;un support en fonte (1kg). L&rsquo;encoche du manche permet de maintenir l&rsquo;outil accroch\u00e9 sur le bord des plats.<\/p>\n<p>Caract\u00e9ristiques :<br \/>Lot : 4.<br \/> Dimensions : 350(H) x 215(L) x 70(P)mm.<br \/> Mati\u00e8re : Acier inoxydable et fonte<\/p>\n","protected":false},"excerpt":{"rendered":"<p>Kit plancha 4 ustensiles Deglon<\/p>\n","protected":false},"featured_media":85565,"comment_status":"closed","ping_status":"closed","template":"","meta":[],"product_brand":[],"product_cat":[1064,1297,1098,1104],"product_tag":[],"class_list":{"0":"post-68210","1":"product","2":"type-product","3":"status-publish","4":"has-post-thumbnail","6":"product_cat-cuisine","7":"product_cat-non-palettisable","8":"product_cat-ustensiles-cuisine","9":"product_cat-ustensiles-de-cuisine","10":"product_shipping_class-free-shipping","12":"first","13":"outofstock","14":"featured","15":"taxable","16":"shipping-taxable","17":"purchasable","18":"product-type-simple"},"_links":{"self":[{"href":"https:\/\/abinox-chr-clim.com\/index.php\/wp-json\/wp\/v2\/product\/68210","targetHints":{"allow":["GET"]}}],"collection":[{"href":"https:\/\/abinox-chr-clim.com\/index.php\/wp-json\/wp\/v2\/product"}],"about":[{"href":"https:\/\/abinox-chr-clim.com\/index.php\/wp-json\/wp\/v2\/types\/product"}],"replies":[{"embeddable":true,"href":"https:\/\/abinox-chr-clim.com\/index.php\/wp-json\/wp\/v2\/comments?post=68210"}],"wp:featuredmedia":[{"embeddable":true,"href":"https:\/\/abinox-chr-clim.com\/index.php\/wp-json\/wp\/v2\/media\/85565"}],"wp:attachment":[{"href":"https:\/\/abinox-chr-clim.com\/index.php\/wp-json\/wp\/v2\/media?parent=68210"}],"wp:term":[{"taxonomy":"product_brand","embeddable":true,"href":"https:\/\/abinox-chr-clim.com\/index.php\/wp-json\/wp\/v2\/product_brand?post=68210"},{"taxonomy":"product_cat","embeddable":true,"href":"https:\/\/abinox-chr-clim.com\/index.php\/wp-json\/wp\/v2\/product_cat?post=68210"},{"taxonomy":"product_tag","embeddable":true,"href":"https:\/\/abinox-chr-clim.com\/index.php\/wp-json\/wp\/v2\/product_tag?post=68210"}],"curies":[{"name":"wp","href":"https:\/\/api.w.org\/{rel}","templated":true}]}}