{"id":68207,"date":"2024-03-22T16:09:28","date_gmt":"2024-03-22T15:09:28","guid":{"rendered":"https:\/\/abinox-chr-clim.com\/index.php\/product\/essoreuse-a-salade-grise-vogue\/"},"modified":"2026-04-02T09:32:24","modified_gmt":"2026-04-02T07:32:24","slug":"essoreuse-a-salade-grise-vogue","status":"publish","type":"product","link":"https:\/\/abinox-chr-clim.com\/index.php\/product\/essoreuse-a-salade-grise-vogue\/","title":{"rendered":"Essoreuse \u00e0 salade grise Vogue"},"content":{"rendered":"<p>Pour gagner du temps lors de la pr\u00e9paration et enlever l&rsquo;exc\u00e8s d&rsquo;eau de la salade afin de la conserver plus longtemps. Id\u00e9ale pour toutes les cuisines.<br \/>Simple \u00e0 utiliser &#8211; acc\u00e9l\u00e8re le temps de pr\u00e9paration. Grande capacit\u00e9 de stockage de 4,8 litres. Durable pour une utilisation intensive. Pour une salade propre et craquante. Fonction de freinage pour plus de pr\u00e9cision.  Simple \u00e0 utiliser &#8211; acc\u00e9l\u00e8re le temps de pr\u00e9paration.<\/p>\n<p>Caract\u00e9ristiques :<br \/> Capacit\u00e9 : 5Kg.<br \/> Dimensions : 200(H) x 250(\u00d8) mm.<br \/> Mati\u00e8re : Plastique.<br \/> Couleur : Gris.<\/p>\n","protected":false},"excerpt":{"rendered":"<p>Essoreuse \u00e0 salade grise Vogue<\/p>\n","protected":false},"featured_media":102951,"comment_status":"closed","ping_status":"closed","template":"","meta":[],"product_brand":[],"product_cat":[1064,1297,1098,1104],"product_tag":[],"class_list":{"0":"post-68207","1":"product","2":"type-product","3":"status-publish","4":"has-post-thumbnail","6":"product_cat-cuisine","7":"product_cat-non-palettisable","8":"product_cat-ustensiles-cuisine","9":"product_cat-ustensiles-de-cuisine","10":"product_shipping_class-free-shipping","12":"first","13":"outofstock","14":"featured","15":"taxable","16":"shipping-taxable","17":"purchasable","18":"product-type-simple"},"_links":{"self":[{"href":"https:\/\/abinox-chr-clim.com\/index.php\/wp-json\/wp\/v2\/product\/68207","targetHints":{"allow":["GET"]}}],"collection":[{"href":"https:\/\/abinox-chr-clim.com\/index.php\/wp-json\/wp\/v2\/product"}],"about":[{"href":"https:\/\/abinox-chr-clim.com\/index.php\/wp-json\/wp\/v2\/types\/product"}],"replies":[{"embeddable":true,"href":"https:\/\/abinox-chr-clim.com\/index.php\/wp-json\/wp\/v2\/comments?post=68207"}],"wp:featuredmedia":[{"embeddable":true,"href":"https:\/\/abinox-chr-clim.com\/index.php\/wp-json\/wp\/v2\/media\/102951"}],"wp:attachment":[{"href":"https:\/\/abinox-chr-clim.com\/index.php\/wp-json\/wp\/v2\/media?parent=68207"}],"wp:term":[{"taxonomy":"product_brand","embeddable":true,"href":"https:\/\/abinox-chr-clim.com\/index.php\/wp-json\/wp\/v2\/product_brand?post=68207"},{"taxonomy":"product_cat","embeddable":true,"href":"https:\/\/abinox-chr-clim.com\/index.php\/wp-json\/wp\/v2\/product_cat?post=68207"},{"taxonomy":"product_tag","embeddable":true,"href":"https:\/\/abinox-chr-clim.com\/index.php\/wp-json\/wp\/v2\/product_tag?post=68207"}],"curies":[{"name":"wp","href":"https:\/\/api.w.org\/{rel}","templated":true}]}}