{"id":68205,"date":"2024-03-22T16:09:27","date_gmt":"2024-03-22T15:09:27","guid":{"rendered":"https:\/\/abinox-chr-clim.com\/index.php\/product\/fils-a-fromage-pour-le-plateau-coupe-fromage-cl068-lot-de-6\/"},"modified":"2026-04-02T09:24:38","modified_gmt":"2026-04-02T07:24:38","slug":"fils-a-fromage-pour-le-plateau-coupe-fromage-cl068-lot-de-6","status":"publish","type":"product","link":"https:\/\/abinox-chr-clim.com\/index.php\/product\/fils-a-fromage-pour-le-plateau-coupe-fromage-cl068-lot-de-6\/","title":{"rendered":"Fils \u00e0 fromage pour le plateau coupe fromage CL068 lot de 6"},"content":{"rendered":"<p>Plateau avec fil coupe fromage pour couper des tranches de fromage dans les \u00e9piceries fines, commerces sp\u00e9cialis\u00e9s et restaurants. En polypropyl\u00e8ne robuste et facile \u00e0 nettoyer. Fil de 520mm inclus.<br \/>6 fils de rechange. 6 fils de rechange.<\/p>\n<p>Caract\u00e9ristiques :<br \/>Lot : 6.<br \/> Mati\u00e8re : C\u00e2ble.<br \/> Couleur : Argent.<\/p>\n","protected":false},"excerpt":{"rendered":"<p>Fils \u00e0 fromage pour le plateau coupe fromage CL068 lot de 6<\/p>\n","protected":false},"featured_media":84348,"comment_status":"closed","ping_status":"closed","template":"","meta":[],"product_brand":[],"product_cat":[1064,1297,1098,1104],"product_tag":[],"class_list":{"0":"post-68205","1":"product","2":"type-product","3":"status-publish","4":"has-post-thumbnail","6":"product_cat-cuisine","7":"product_cat-non-palettisable","8":"product_cat-ustensiles-cuisine","9":"product_cat-ustensiles-de-cuisine","10":"product_shipping_class-free-shipping","12":"first","13":"instock","14":"featured","15":"taxable","16":"shipping-taxable","17":"purchasable","18":"product-type-simple"},"_links":{"self":[{"href":"https:\/\/abinox-chr-clim.com\/index.php\/wp-json\/wp\/v2\/product\/68205","targetHints":{"allow":["GET"]}}],"collection":[{"href":"https:\/\/abinox-chr-clim.com\/index.php\/wp-json\/wp\/v2\/product"}],"about":[{"href":"https:\/\/abinox-chr-clim.com\/index.php\/wp-json\/wp\/v2\/types\/product"}],"replies":[{"embeddable":true,"href":"https:\/\/abinox-chr-clim.com\/index.php\/wp-json\/wp\/v2\/comments?post=68205"}],"wp:featuredmedia":[{"embeddable":true,"href":"https:\/\/abinox-chr-clim.com\/index.php\/wp-json\/wp\/v2\/media\/84348"}],"wp:attachment":[{"href":"https:\/\/abinox-chr-clim.com\/index.php\/wp-json\/wp\/v2\/media?parent=68205"}],"wp:term":[{"taxonomy":"product_brand","embeddable":true,"href":"https:\/\/abinox-chr-clim.com\/index.php\/wp-json\/wp\/v2\/product_brand?post=68205"},{"taxonomy":"product_cat","embeddable":true,"href":"https:\/\/abinox-chr-clim.com\/index.php\/wp-json\/wp\/v2\/product_cat?post=68205"},{"taxonomy":"product_tag","embeddable":true,"href":"https:\/\/abinox-chr-clim.com\/index.php\/wp-json\/wp\/v2\/product_tag?post=68205"}],"curies":[{"name":"wp","href":"https:\/\/api.w.org\/{rel}","templated":true}]}}