{"id":68203,"date":"2024-03-22T16:09:26","date_gmt":"2024-03-22T15:09:26","guid":{"rendered":"https:\/\/abinox-chr-clim.com\/index.php\/product\/passoire-aluminium-2-poignees-470mm\/"},"modified":"2026-04-02T09:15:50","modified_gmt":"2026-04-02T07:15:50","slug":"passoire-aluminium-2-poignees-470mm","status":"publish","type":"product","link":"https:\/\/abinox-chr-clim.com\/index.php\/product\/passoire-aluminium-2-poignees-470mm\/","title":{"rendered":"Passoire aluminium 2 poign\u00e9es 470mm"},"content":{"rendered":"<p>Deux poign\u00e9es pour un transport facile. Structure aluminium facile \u00e0 nettoyer.<br \/>Deux poign\u00e9es pour faciliter l&rsquo;utilisation. Structure robuste. Construction en aluminium facile \u00e0 nettoyer. Parfait pour laver et \u00e9goutter les l\u00e9gumes. Deux poign\u00e9es pour faciliter l&rsquo;utilisation.<\/p>\n<p>Caract\u00e9ristiques :<br \/> Dimensions : 240(H) x 470(\u00d8) mm.<br \/> Mati\u00e8re : Aluminium.<br \/> Couleur : Argent.<\/p>\n","protected":false},"excerpt":{"rendered":"<p>Passoire aluminium 2 poign\u00e9es 470mm<\/p>\n","protected":false},"featured_media":84027,"comment_status":"closed","ping_status":"closed","template":"","meta":[],"product_brand":[],"product_cat":[1064,1297,1098,1104],"product_tag":[],"class_list":{"0":"post-68203","1":"product","2":"type-product","3":"status-publish","4":"has-post-thumbnail","6":"product_cat-cuisine","7":"product_cat-non-palettisable","8":"product_cat-ustensiles-cuisine","9":"product_cat-ustensiles-de-cuisine","10":"product_shipping_class-free-shipping","12":"first","13":"instock","14":"featured","15":"taxable","16":"shipping-taxable","17":"purchasable","18":"product-type-simple"},"_links":{"self":[{"href":"https:\/\/abinox-chr-clim.com\/index.php\/wp-json\/wp\/v2\/product\/68203","targetHints":{"allow":["GET"]}}],"collection":[{"href":"https:\/\/abinox-chr-clim.com\/index.php\/wp-json\/wp\/v2\/product"}],"about":[{"href":"https:\/\/abinox-chr-clim.com\/index.php\/wp-json\/wp\/v2\/types\/product"}],"replies":[{"embeddable":true,"href":"https:\/\/abinox-chr-clim.com\/index.php\/wp-json\/wp\/v2\/comments?post=68203"}],"wp:featuredmedia":[{"embeddable":true,"href":"https:\/\/abinox-chr-clim.com\/index.php\/wp-json\/wp\/v2\/media\/84027"}],"wp:attachment":[{"href":"https:\/\/abinox-chr-clim.com\/index.php\/wp-json\/wp\/v2\/media?parent=68203"}],"wp:term":[{"taxonomy":"product_brand","embeddable":true,"href":"https:\/\/abinox-chr-clim.com\/index.php\/wp-json\/wp\/v2\/product_brand?post=68203"},{"taxonomy":"product_cat","embeddable":true,"href":"https:\/\/abinox-chr-clim.com\/index.php\/wp-json\/wp\/v2\/product_cat?post=68203"},{"taxonomy":"product_tag","embeddable":true,"href":"https:\/\/abinox-chr-clim.com\/index.php\/wp-json\/wp\/v2\/product_tag?post=68203"}],"curies":[{"name":"wp","href":"https:\/\/api.w.org\/{rel}","templated":true}]}}