{"id":68199,"date":"2024-03-22T16:09:25","date_gmt":"2024-03-22T15:09:25","guid":{"rendered":"https:\/\/abinox-chr-clim.com\/index.php\/product\/pince-a-aretes-vogue\/"},"modified":"2026-04-02T08:35:58","modified_gmt":"2026-04-02T06:35:58","slug":"pince-a-aretes-vogue","status":"publish","type":"product","link":"https:\/\/abinox-chr-clim.com\/index.php\/product\/pince-a-aretes-vogue\/","title":{"rendered":"Pince \u00e0 ar\u00eates Vogue"},"content":{"rendered":"<p>Pince en acier inoxydable pour retirer les ar\u00eates du poisson. Lavable au lave-vaisselle.<br \/>Pointes incurv\u00e9es pour la pr\u00e9cision. Acier inoxydable pour la durabilit\u00e9. Lavable au lave-vaisselle pour un nettoyage facile. Id\u00e9al pour d\u00e9corer avec des d\u00e9tails fins, car vous pouvez \u00eatre pr\u00e9cis. Pointes incurv\u00e9es pour la pr\u00e9cision.<\/p>\n<p>Caract\u00e9ristiques :<br \/> Dimensions : 12(H) x 30(L) x 15(P) mm.<br \/> Mati\u00e8re : Acier inoxydable.<br \/> Couleur : Argent.<\/p>\n","protected":false},"excerpt":{"rendered":"<p>Pince \u00e0 ar\u00eates Vogue<\/p>\n","protected":false},"featured_media":83236,"comment_status":"closed","ping_status":"closed","template":"","meta":[],"product_brand":[],"product_cat":[1064,1297,1098,1104],"product_tag":[],"class_list":{"0":"post-68199","1":"product","2":"type-product","3":"status-publish","4":"has-post-thumbnail","6":"product_cat-cuisine","7":"product_cat-non-palettisable","8":"product_cat-ustensiles-cuisine","9":"product_cat-ustensiles-de-cuisine","10":"product_shipping_class-free-shipping","12":"first","13":"instock","14":"featured","15":"taxable","16":"shipping-taxable","17":"purchasable","18":"product-type-simple"},"_links":{"self":[{"href":"https:\/\/abinox-chr-clim.com\/index.php\/wp-json\/wp\/v2\/product\/68199","targetHints":{"allow":["GET"]}}],"collection":[{"href":"https:\/\/abinox-chr-clim.com\/index.php\/wp-json\/wp\/v2\/product"}],"about":[{"href":"https:\/\/abinox-chr-clim.com\/index.php\/wp-json\/wp\/v2\/types\/product"}],"replies":[{"embeddable":true,"href":"https:\/\/abinox-chr-clim.com\/index.php\/wp-json\/wp\/v2\/comments?post=68199"}],"wp:featuredmedia":[{"embeddable":true,"href":"https:\/\/abinox-chr-clim.com\/index.php\/wp-json\/wp\/v2\/media\/83236"}],"wp:attachment":[{"href":"https:\/\/abinox-chr-clim.com\/index.php\/wp-json\/wp\/v2\/media?parent=68199"}],"wp:term":[{"taxonomy":"product_brand","embeddable":true,"href":"https:\/\/abinox-chr-clim.com\/index.php\/wp-json\/wp\/v2\/product_brand?post=68199"},{"taxonomy":"product_cat","embeddable":true,"href":"https:\/\/abinox-chr-clim.com\/index.php\/wp-json\/wp\/v2\/product_cat?post=68199"},{"taxonomy":"product_tag","embeddable":true,"href":"https:\/\/abinox-chr-clim.com\/index.php\/wp-json\/wp\/v2\/product_tag?post=68199"}],"curies":[{"name":"wp","href":"https:\/\/api.w.org\/{rel}","templated":true}]}}