{"id":68194,"date":"2024-03-22T16:09:22","date_gmt":"2024-03-22T15:09:22","guid":{"rendered":"https:\/\/abinox-chr-clim.com\/index.php\/product\/eplucheur-a-julienne-vogue\/"},"modified":"2026-04-02T08:35:51","modified_gmt":"2026-04-02T06:35:51","slug":"eplucheur-a-julienne-vogue","status":"publish","type":"product","link":"https:\/\/abinox-chr-clim.com\/index.php\/product\/eplucheur-a-julienne-vogue\/","title":{"rendered":"Eplucheur \u00e0 julienne Vogue"},"content":{"rendered":"<p>Permet d&rsquo;\u00e9plucher les l\u00e9gumes rapidement et efficacement. Design en forme d&#8217;empreinte pour une utilisation confortable. La lame dentel\u00e9e permet de cr\u00e9er des rubans attrayants. La conception en acier inoxydable permet d&rsquo;enlever facilement la peau et de minimiser les d\u00e9chets. Permet d&rsquo;\u00e9plucher les l\u00e9gumes rapidement et efficacement.<\/p>\n<p>Caract\u00e9ristiques :<br \/> Dimensions : 110(L) mm.<br \/> Mati\u00e8re : Inox.<br \/> Couleur : Argent.<\/p>\n","protected":false},"excerpt":{"rendered":"<p>Eplucheur \u00e0 julienne Vogue<\/p>\n","protected":false},"featured_media":83211,"comment_status":"closed","ping_status":"closed","template":"","meta":[],"product_brand":[],"product_cat":[1064,1297,1098,1104],"product_tag":[],"class_list":{"0":"post-68194","1":"product","2":"type-product","3":"status-publish","4":"has-post-thumbnail","6":"product_cat-cuisine","7":"product_cat-non-palettisable","8":"product_cat-ustensiles-cuisine","9":"product_cat-ustensiles-de-cuisine","10":"product_shipping_class-free-shipping","12":"first","13":"instock","14":"featured","15":"taxable","16":"shipping-taxable","17":"purchasable","18":"product-type-simple"},"_links":{"self":[{"href":"https:\/\/abinox-chr-clim.com\/index.php\/wp-json\/wp\/v2\/product\/68194","targetHints":{"allow":["GET"]}}],"collection":[{"href":"https:\/\/abinox-chr-clim.com\/index.php\/wp-json\/wp\/v2\/product"}],"about":[{"href":"https:\/\/abinox-chr-clim.com\/index.php\/wp-json\/wp\/v2\/types\/product"}],"replies":[{"embeddable":true,"href":"https:\/\/abinox-chr-clim.com\/index.php\/wp-json\/wp\/v2\/comments?post=68194"}],"wp:featuredmedia":[{"embeddable":true,"href":"https:\/\/abinox-chr-clim.com\/index.php\/wp-json\/wp\/v2\/media\/83211"}],"wp:attachment":[{"href":"https:\/\/abinox-chr-clim.com\/index.php\/wp-json\/wp\/v2\/media?parent=68194"}],"wp:term":[{"taxonomy":"product_brand","embeddable":true,"href":"https:\/\/abinox-chr-clim.com\/index.php\/wp-json\/wp\/v2\/product_brand?post=68194"},{"taxonomy":"product_cat","embeddable":true,"href":"https:\/\/abinox-chr-clim.com\/index.php\/wp-json\/wp\/v2\/product_cat?post=68194"},{"taxonomy":"product_tag","embeddable":true,"href":"https:\/\/abinox-chr-clim.com\/index.php\/wp-json\/wp\/v2\/product_tag?post=68194"}],"curies":[{"name":"wp","href":"https:\/\/api.w.org\/{rel}","templated":true}]}}