{"id":68186,"date":"2024-03-22T16:09:19","date_gmt":"2024-03-22T15:09:19","guid":{"rendered":"https:\/\/abinox-chr-clim.com\/index.php\/product\/minuteur-grands-chiffres-hygiplas\/"},"modified":"2026-04-02T08:35:42","modified_gmt":"2026-04-02T06:35:42","slug":"minuteur-grands-chiffres-hygiplas","status":"publish","type":"product","link":"https:\/\/abinox-chr-clim.com\/index.php\/product\/minuteur-grands-chiffres-hygiplas\/","title":{"rendered":"Minuteur grands chiffres Hygiplas"},"content":{"rendered":"<p>D\u00e9compte sur grand \u00e9cran d&rsquo;affichage 12 ou 24 heures. D\u00e9compte maximum jusqu&rsquo;\u00e0 99 heures, 59 minutes, 59 secondes. Fonctionne avec une pile AAA (fournie).<br \/>Grand \u00e9cran pour une lecture \u00e0 longue distance. Interface simple pour une utilisation facile. Le bras magn\u00e9tique peut \u00eatre fix\u00e9 sur des surfaces et des \u00e9quipements. Compte \u00e0 rebours maximum de 99 heures, 59 minutes et 59 secondes pour chronom\u00e9trer de longues p\u00e9riodes. Affichage sur 12 ou 24 heures, au choix.  Grand \u00e9cran pour une lecture \u00e0 longue distance.<\/p>\n<p>Caract\u00e9ristiques :<br \/> Dimensions : 80(H) x 80(L) x 25(P) mm.<br \/> Mati\u00e8re : .<br \/> Couleur : Blanc.<\/p>\n","protected":false},"excerpt":{"rendered":"<p>Minuteur grands chiffres Hygiplas<\/p>\n","protected":false},"featured_media":83183,"comment_status":"closed","ping_status":"closed","template":"","meta":[],"product_brand":[],"product_cat":[1064,1297,1098,1104],"product_tag":[],"class_list":{"0":"post-68186","1":"product","2":"type-product","3":"status-publish","4":"has-post-thumbnail","6":"product_cat-cuisine","7":"product_cat-non-palettisable","8":"product_cat-ustensiles-cuisine","9":"product_cat-ustensiles-de-cuisine","10":"product_shipping_class-free-shipping","12":"first","13":"instock","14":"featured","15":"taxable","16":"shipping-taxable","17":"purchasable","18":"product-type-simple"},"_links":{"self":[{"href":"https:\/\/abinox-chr-clim.com\/index.php\/wp-json\/wp\/v2\/product\/68186","targetHints":{"allow":["GET"]}}],"collection":[{"href":"https:\/\/abinox-chr-clim.com\/index.php\/wp-json\/wp\/v2\/product"}],"about":[{"href":"https:\/\/abinox-chr-clim.com\/index.php\/wp-json\/wp\/v2\/types\/product"}],"replies":[{"embeddable":true,"href":"https:\/\/abinox-chr-clim.com\/index.php\/wp-json\/wp\/v2\/comments?post=68186"}],"wp:featuredmedia":[{"embeddable":true,"href":"https:\/\/abinox-chr-clim.com\/index.php\/wp-json\/wp\/v2\/media\/83183"}],"wp:attachment":[{"href":"https:\/\/abinox-chr-clim.com\/index.php\/wp-json\/wp\/v2\/media?parent=68186"}],"wp:term":[{"taxonomy":"product_brand","embeddable":true,"href":"https:\/\/abinox-chr-clim.com\/index.php\/wp-json\/wp\/v2\/product_brand?post=68186"},{"taxonomy":"product_cat","embeddable":true,"href":"https:\/\/abinox-chr-clim.com\/index.php\/wp-json\/wp\/v2\/product_cat?post=68186"},{"taxonomy":"product_tag","embeddable":true,"href":"https:\/\/abinox-chr-clim.com\/index.php\/wp-json\/wp\/v2\/product_tag?post=68186"}],"curies":[{"name":"wp","href":"https:\/\/api.w.org\/{rel}","templated":true}]}}