{"id":68184,"date":"2024-03-22T16:09:18","date_gmt":"2024-03-22T15:09:18","guid":{"rendered":"https:\/\/abinox-chr-clim.com\/index.php\/product\/ouvre-boites-bonzer-titan-super-640mm\/"},"modified":"2026-04-02T08:35:19","modified_gmt":"2026-04-02T06:35:19","slug":"ouvre-boites-bonzer-titan-super-640mm","status":"publish","type":"product","link":"https:\/\/abinox-chr-clim.com\/index.php\/product\/ouvre-boites-bonzer-titan-super-640mm\/","title":{"rendered":"Ouvre-bo\u00eetes Bonzer Titan Super 640mm"},"content":{"rendered":"<p>Lame \u00e0 desserrage rapide pour faciliter le nettoyage. M\u00e9chanisme lavable au lave-vaisselle.Ouvre jusqu&rsquo;\u00e0 60 bo\u00eetes par jour.id\u00e9al pour les fournisseurs de la restauration. Support de lame inox et lame recouverte de titane pour une plus grande durabilit\u00e9.Technologie d&rsquo;hygi\u00e8ne avanc\u00e9e.La molette de 40 mm ouvre les bo\u00eetes 30% plus vite. La t\u00eate en acier inoxydable am\u00e9liore la durabilit\u00e9 et l&rsquo;hygi\u00e8ne en cas d&rsquo;utilisation intensive. Une poign\u00e9e plus longue diminue la force n\u00e9cessaire pour ouvrir les bo\u00eetes. Utiliser pour les grandes bo\u00eetes (hauteur max 64cm). Lame \u00e0 desserrage rapide pour faciliter le nettoyage.<\/p>\n<p>Caract\u00e9ristiques :<br \/> Dimensions : 970(H) x 110(L) x 90(P)mm. Dimensions pli\u00e9: 1010(H) x 120(L) x 100(P)mm.<br \/> Mati\u00e8re : Acier inoxydable<\/p>\n","protected":false},"excerpt":{"rendered":"<p>Ouvre-bo\u00eetes Bonzer Titan Super 640mm<\/p>\n","protected":false},"featured_media":82885,"comment_status":"closed","ping_status":"closed","template":"","meta":[],"product_brand":[],"product_cat":[1064,1297,1098,1104],"product_tag":[],"class_list":{"0":"post-68184","1":"product","2":"type-product","3":"status-publish","4":"has-post-thumbnail","6":"product_cat-cuisine","7":"product_cat-non-palettisable","8":"product_cat-ustensiles-cuisine","9":"product_cat-ustensiles-de-cuisine","10":"product_shipping_class-free-shipping","12":"first","13":"instock","14":"featured","15":"taxable","16":"shipping-taxable","17":"purchasable","18":"product-type-simple"},"_links":{"self":[{"href":"https:\/\/abinox-chr-clim.com\/index.php\/wp-json\/wp\/v2\/product\/68184","targetHints":{"allow":["GET"]}}],"collection":[{"href":"https:\/\/abinox-chr-clim.com\/index.php\/wp-json\/wp\/v2\/product"}],"about":[{"href":"https:\/\/abinox-chr-clim.com\/index.php\/wp-json\/wp\/v2\/types\/product"}],"replies":[{"embeddable":true,"href":"https:\/\/abinox-chr-clim.com\/index.php\/wp-json\/wp\/v2\/comments?post=68184"}],"wp:featuredmedia":[{"embeddable":true,"href":"https:\/\/abinox-chr-clim.com\/index.php\/wp-json\/wp\/v2\/media\/82885"}],"wp:attachment":[{"href":"https:\/\/abinox-chr-clim.com\/index.php\/wp-json\/wp\/v2\/media?parent=68184"}],"wp:term":[{"taxonomy":"product_brand","embeddable":true,"href":"https:\/\/abinox-chr-clim.com\/index.php\/wp-json\/wp\/v2\/product_brand?post=68184"},{"taxonomy":"product_cat","embeddable":true,"href":"https:\/\/abinox-chr-clim.com\/index.php\/wp-json\/wp\/v2\/product_cat?post=68184"},{"taxonomy":"product_tag","embeddable":true,"href":"https:\/\/abinox-chr-clim.com\/index.php\/wp-json\/wp\/v2\/product_tag?post=68184"}],"curies":[{"name":"wp","href":"https:\/\/api.w.org\/{rel}","templated":true}]}}