{"id":68183,"date":"2024-03-22T16:09:18","date_gmt":"2024-03-22T15:09:18","guid":{"rendered":"https:\/\/abinox-chr-clim.com\/index.php\/product\/ouvre-boites-bonzer-ez-20-406mm\/"},"modified":"2026-04-02T08:35:18","modified_gmt":"2026-04-02T06:35:18","slug":"ouvre-boites-bonzer-ez-20-406mm","status":"publish","type":"product","link":"https:\/\/abinox-chr-clim.com\/index.php\/product\/ouvre-boites-bonzer-ez-20-406mm\/","title":{"rendered":"Ouvre-bo\u00eetes Bonzer EZ-20 406mm"},"content":{"rendered":"<p>Ouvre-bo\u00eetes de renomm\u00e9e mondiale \u00e0 lames anti-bact\u00e9riennes en acier de haute qualit\u00e9 permettant une coupe nette. M\u00e9canisme lavable au lave-vaisselle et lames \u00e0 desserrage rapide pour faciliter le nettoyage.<br \/>Lame \u00e0 desserrage rapide pour faciliter le nettoyage. M\u00e9chanisme lavable au lave-vaisselle. Ouvre jusqu&rsquo;\u00e0 20 bo\u00eetes de 41cm par jour. Les lames antibact\u00e9riennes faciles \u00e0 changer coupent sans effort les bo\u00eetes de conserve. S&rsquo;installe \u00e0 l&rsquo;aide de vis et se fixe sur une surface plane. Molette solide de 40 mm &#8211; facile \u00e0 remplacer si n\u00e9cessaire. Fabriqu\u00e9 au Royaume-Uni avec un contr\u00f4le de qualit\u00e9 individuel avant la mise en vente. Axe 41cm pour conserves de taille standard.Lame \u00e0 desserrage rapide pour faciliter le nettoyage.<\/p>\n<p>Caract\u00e9ristiques :<br \/> Dimensions : 690(H) x 110(L) x 80(P)mm. Dimensions pli\u00e9 : 780(h) x 120(l) x 100(p)mm.<br \/> Mati\u00e8re : Acier inoxydable.<br \/> Couleur : Argent.<\/p>\n","protected":false},"excerpt":{"rendered":"<p>Ouvre-bo\u00eetes Bonzer EZ-20 406mm<\/p>\n","protected":false},"featured_media":82882,"comment_status":"closed","ping_status":"closed","template":"","meta":[],"product_brand":[],"product_cat":[1064,1297,1098,1104],"product_tag":[],"class_list":{"0":"post-68183","1":"product","2":"type-product","3":"status-publish","4":"has-post-thumbnail","6":"product_cat-cuisine","7":"product_cat-non-palettisable","8":"product_cat-ustensiles-cuisine","9":"product_cat-ustensiles-de-cuisine","10":"product_shipping_class-free-shipping","12":"first","13":"instock","14":"featured","15":"taxable","16":"shipping-taxable","17":"purchasable","18":"product-type-simple"},"_links":{"self":[{"href":"https:\/\/abinox-chr-clim.com\/index.php\/wp-json\/wp\/v2\/product\/68183","targetHints":{"allow":["GET"]}}],"collection":[{"href":"https:\/\/abinox-chr-clim.com\/index.php\/wp-json\/wp\/v2\/product"}],"about":[{"href":"https:\/\/abinox-chr-clim.com\/index.php\/wp-json\/wp\/v2\/types\/product"}],"replies":[{"embeddable":true,"href":"https:\/\/abinox-chr-clim.com\/index.php\/wp-json\/wp\/v2\/comments?post=68183"}],"wp:featuredmedia":[{"embeddable":true,"href":"https:\/\/abinox-chr-clim.com\/index.php\/wp-json\/wp\/v2\/media\/82882"}],"wp:attachment":[{"href":"https:\/\/abinox-chr-clim.com\/index.php\/wp-json\/wp\/v2\/media?parent=68183"}],"wp:term":[{"taxonomy":"product_brand","embeddable":true,"href":"https:\/\/abinox-chr-clim.com\/index.php\/wp-json\/wp\/v2\/product_brand?post=68183"},{"taxonomy":"product_cat","embeddable":true,"href":"https:\/\/abinox-chr-clim.com\/index.php\/wp-json\/wp\/v2\/product_cat?post=68183"},{"taxonomy":"product_tag","embeddable":true,"href":"https:\/\/abinox-chr-clim.com\/index.php\/wp-json\/wp\/v2\/product_tag?post=68183"}],"curies":[{"name":"wp","href":"https:\/\/api.w.org\/{rel}","templated":true}]}}