{"id":68182,"date":"2024-03-22T16:09:17","date_gmt":"2024-03-22T15:09:17","guid":{"rendered":"https:\/\/abinox-chr-clim.com\/index.php\/product\/rasoir-a-legumes-rex-victorinox\/"},"modified":"2026-04-02T10:01:18","modified_gmt":"2026-04-02T08:01:18","slug":"rasoir-a-legumes-rex-victorinox","status":"publish","type":"product","link":"https:\/\/abinox-chr-clim.com\/index.php\/product\/rasoir-a-legumes-rex-victorinox\/","title":{"rendered":"Rasoir \u00e0 l\u00e9gumes Rex Victorinox"},"content":{"rendered":"<p>Manche aluminium avec lame inox pour un \u00e9pluchage rapide et efficace.<br \/>P\u00e8le rapidement et facilement. L\u00e9ger. Manche confortable. Lame en acier \u00e0 bord lisse unique pour une efficacit\u00e9 optimale. Enl\u00e8ve les yeux des pommes de terre.  P\u00e8le rapidement et facilement.<\/p>\n<p>Caract\u00e9ristiques :<br \/> Dimensions : 13(H) x 64(L) mm.<br \/> Mati\u00e8re : Inox et aluminium.<br \/> Couleur : Argent.<\/p>\n","protected":false},"excerpt":{"rendered":"<p>Rasoir \u00e0 l\u00e9gumes Rex Victorinox<\/p>\n","protected":false},"featured_media":82867,"comment_status":"closed","ping_status":"closed","template":"","meta":[],"product_brand":[],"product_cat":[1064,1297,1098,1104],"product_tag":[],"class_list":{"0":"post-68182","1":"product","2":"type-product","3":"status-publish","4":"has-post-thumbnail","6":"product_cat-cuisine","7":"product_cat-non-palettisable","8":"product_cat-ustensiles-cuisine","9":"product_cat-ustensiles-de-cuisine","10":"product_shipping_class-free-shipping","12":"first","13":"instock","14":"featured","15":"taxable","16":"shipping-taxable","17":"purchasable","18":"product-type-simple"},"_links":{"self":[{"href":"https:\/\/abinox-chr-clim.com\/index.php\/wp-json\/wp\/v2\/product\/68182","targetHints":{"allow":["GET"]}}],"collection":[{"href":"https:\/\/abinox-chr-clim.com\/index.php\/wp-json\/wp\/v2\/product"}],"about":[{"href":"https:\/\/abinox-chr-clim.com\/index.php\/wp-json\/wp\/v2\/types\/product"}],"replies":[{"embeddable":true,"href":"https:\/\/abinox-chr-clim.com\/index.php\/wp-json\/wp\/v2\/comments?post=68182"}],"wp:featuredmedia":[{"embeddable":true,"href":"https:\/\/abinox-chr-clim.com\/index.php\/wp-json\/wp\/v2\/media\/82867"}],"wp:attachment":[{"href":"https:\/\/abinox-chr-clim.com\/index.php\/wp-json\/wp\/v2\/media?parent=68182"}],"wp:term":[{"taxonomy":"product_brand","embeddable":true,"href":"https:\/\/abinox-chr-clim.com\/index.php\/wp-json\/wp\/v2\/product_brand?post=68182"},{"taxonomy":"product_cat","embeddable":true,"href":"https:\/\/abinox-chr-clim.com\/index.php\/wp-json\/wp\/v2\/product_cat?post=68182"},{"taxonomy":"product_tag","embeddable":true,"href":"https:\/\/abinox-chr-clim.com\/index.php\/wp-json\/wp\/v2\/product_tag?post=68182"}],"curies":[{"name":"wp","href":"https:\/\/api.w.org\/{rel}","templated":true}]}}