{"id":68181,"date":"2024-03-22T16:09:17","date_gmt":"2024-03-22T15:09:17","guid":{"rendered":"https:\/\/abinox-chr-clim.com\/index.php\/product\/presse-agrumes-en-fonte-vogue\/"},"modified":"2026-04-02T08:35:05","modified_gmt":"2026-04-02T06:35:05","slug":"presse-agrumes-en-fonte-vogue","status":"publish","type":"product","link":"https:\/\/abinox-chr-clim.com\/index.php\/product\/presse-agrumes-en-fonte-vogue\/","title":{"rendered":"Presse-agrumes en fonte Vogue"},"content":{"rendered":"<p>Presse-agrumes professionnel \u00e0 levier facile \u00e0 utiliser, dot\u00e9 d&rsquo;un c\u00f4ne en acier inoxydable amovible et lavable au lave-vaisselle, ainsi qu&rsquo;un support et un r\u00e9cipient en acier inoxydable. Placer le r\u00e9cipient en dessous de l&rsquo;appareil pour r\u00e9cup\u00e9rer le jus.<br \/>Conception robuste &#8211; con\u00e7ue pour une utilisation quotidienne et constante du presse-agrume. Portable &#8211; peut \u00eatre utilis\u00e9 presque partout. Aucun branchement \u00e9lectrique requis. Utilisation conviviale du levier &#8211; optimise la pression. Il suffit d&rsquo;ins\u00e9rer le gobelet en dessous pour recueillir le jus. Facile \u00e0 nettoyer : le gobelet \u00e0 jus est amovible et va au lave-vaisselle.  Conception robuste &#8211; con\u00e7ue pour une utilisation quotidienne et constante du presse-agrume.<\/p>\n<p>Caract\u00e9ristiques :<br \/> Dimensions : 475(H) x 210(L) x 365(P) mm.<br \/> Mati\u00e8re : Fonte.<br \/> Couleur : Noir.<\/p>\n","protected":false},"excerpt":{"rendered":"<p>Presse-agrumes en fonte Vogue<\/p>\n","protected":false},"featured_media":82724,"comment_status":"closed","ping_status":"closed","template":"","meta":[],"product_brand":[],"product_cat":[1064,1297,1098,1104],"product_tag":[],"class_list":{"0":"post-68181","1":"product","2":"type-product","3":"status-publish","4":"has-post-thumbnail","6":"product_cat-cuisine","7":"product_cat-non-palettisable","8":"product_cat-ustensiles-cuisine","9":"product_cat-ustensiles-de-cuisine","10":"product_shipping_class-free-shipping","12":"first","13":"instock","14":"featured","15":"taxable","16":"shipping-taxable","17":"purchasable","18":"product-type-simple"},"_links":{"self":[{"href":"https:\/\/abinox-chr-clim.com\/index.php\/wp-json\/wp\/v2\/product\/68181","targetHints":{"allow":["GET"]}}],"collection":[{"href":"https:\/\/abinox-chr-clim.com\/index.php\/wp-json\/wp\/v2\/product"}],"about":[{"href":"https:\/\/abinox-chr-clim.com\/index.php\/wp-json\/wp\/v2\/types\/product"}],"replies":[{"embeddable":true,"href":"https:\/\/abinox-chr-clim.com\/index.php\/wp-json\/wp\/v2\/comments?post=68181"}],"wp:featuredmedia":[{"embeddable":true,"href":"https:\/\/abinox-chr-clim.com\/index.php\/wp-json\/wp\/v2\/media\/82724"}],"wp:attachment":[{"href":"https:\/\/abinox-chr-clim.com\/index.php\/wp-json\/wp\/v2\/media?parent=68181"}],"wp:term":[{"taxonomy":"product_brand","embeddable":true,"href":"https:\/\/abinox-chr-clim.com\/index.php\/wp-json\/wp\/v2\/product_brand?post=68181"},{"taxonomy":"product_cat","embeddable":true,"href":"https:\/\/abinox-chr-clim.com\/index.php\/wp-json\/wp\/v2\/product_cat?post=68181"},{"taxonomy":"product_tag","embeddable":true,"href":"https:\/\/abinox-chr-clim.com\/index.php\/wp-json\/wp\/v2\/product_tag?post=68181"}],"curies":[{"name":"wp","href":"https:\/\/api.w.org\/{rel}","templated":true}]}}