{"id":68178,"date":"2024-03-22T16:09:16","date_gmt":"2024-03-22T15:09:16","guid":{"rendered":"https:\/\/abinox-chr-clim.com\/index.php\/product\/essoreuse-a-salade-manuelle-dynamic-20l\/"},"modified":"2026-04-02T09:12:28","modified_gmt":"2026-04-02T07:12:28","slug":"essoreuse-a-salade-manuelle-dynamic-20l","status":"publish","type":"product","link":"https:\/\/abinox-chr-clim.com\/index.php\/product\/essoreuse-a-salade-manuelle-dynamic-20l\/","title":{"rendered":"Essoreuse \u00e0 salade manuelle Dynamic 20L"},"content":{"rendered":"<p>Mettez simplement les feuilles de salade humides dans le r\u00e9cipient int\u00e9rieur, replacez le couvercle et tournez la poign\u00e9e pour obtenir des feuilles parfaitement essor\u00e9es, sans risque de diluer les sauces. Poign\u00e9es et engrenages robustes pour faire tourner rapidement quatre (10L) \u00e0 huit (20L) salades en quelques secondes. Socle de stabilisation disponible pour le mod\u00e8le de 20L.<br \/>Entra\u00eenement manuel avec engrenage. Facile d&rsquo;utilisation.Pas de pertes &#8211; une salade bien s\u00e9ch\u00e9e se conserve plus longtemps. Entra\u00eenement manuel avec engrenage. .<br \/> Caract\u00e9ristiques :<br \/> Capacit\u00e9 : 20 litres.<br \/> Dimensions : 500(H) x 430(\u00d8) mm.<br \/> Mati\u00e8re : Plastique.<br \/> Couleur : Orange.<\/p>\n","protected":false},"excerpt":{"rendered":"<p>Essoreuse \u00e0 salade manuelle Dynamic 20L<\/p>\n","protected":false},"featured_media":82378,"comment_status":"closed","ping_status":"closed","template":"","meta":[],"product_brand":[],"product_cat":[1064,1297,1098,1104],"product_tag":[],"class_list":{"0":"post-68178","1":"product","2":"type-product","3":"status-publish","4":"has-post-thumbnail","6":"product_cat-cuisine","7":"product_cat-non-palettisable","8":"product_cat-ustensiles-cuisine","9":"product_cat-ustensiles-de-cuisine","10":"product_shipping_class-free-shipping","12":"first","13":"instock","14":"featured","15":"taxable","16":"shipping-taxable","17":"purchasable","18":"product-type-simple"},"_links":{"self":[{"href":"https:\/\/abinox-chr-clim.com\/index.php\/wp-json\/wp\/v2\/product\/68178","targetHints":{"allow":["GET"]}}],"collection":[{"href":"https:\/\/abinox-chr-clim.com\/index.php\/wp-json\/wp\/v2\/product"}],"about":[{"href":"https:\/\/abinox-chr-clim.com\/index.php\/wp-json\/wp\/v2\/types\/product"}],"replies":[{"embeddable":true,"href":"https:\/\/abinox-chr-clim.com\/index.php\/wp-json\/wp\/v2\/comments?post=68178"}],"wp:featuredmedia":[{"embeddable":true,"href":"https:\/\/abinox-chr-clim.com\/index.php\/wp-json\/wp\/v2\/media\/82378"}],"wp:attachment":[{"href":"https:\/\/abinox-chr-clim.com\/index.php\/wp-json\/wp\/v2\/media?parent=68178"}],"wp:term":[{"taxonomy":"product_brand","embeddable":true,"href":"https:\/\/abinox-chr-clim.com\/index.php\/wp-json\/wp\/v2\/product_brand?post=68178"},{"taxonomy":"product_cat","embeddable":true,"href":"https:\/\/abinox-chr-clim.com\/index.php\/wp-json\/wp\/v2\/product_cat?post=68178"},{"taxonomy":"product_tag","embeddable":true,"href":"https:\/\/abinox-chr-clim.com\/index.php\/wp-json\/wp\/v2\/product_tag?post=68178"}],"curies":[{"name":"wp","href":"https:\/\/api.w.org\/{rel}","templated":true}]}}