{"id":68177,"date":"2024-03-22T16:09:15","date_gmt":"2024-03-22T15:09:15","guid":{"rendered":"https:\/\/abinox-chr-clim.com\/index.php\/product\/essoreuse-a-salade-manuelle-dynamic-10l\/"},"modified":"2026-04-02T09:12:27","modified_gmt":"2026-04-02T07:12:27","slug":"essoreuse-a-salade-manuelle-dynamic-10l","status":"publish","type":"product","link":"https:\/\/abinox-chr-clim.com\/index.php\/product\/essoreuse-a-salade-manuelle-dynamic-10l\/","title":{"rendered":"Essoreuse \u00e0 salade manuelle Dynamic 10L"},"content":{"rendered":"<p>Mettez simplement les feuilles de salade humides dans le r\u00e9cipient int\u00e9rieur, replacez le couvercle et tournez la poign\u00e9e pour obtenir des feuilles parfaitement essor\u00e9es, sans risque de diluer les sauces. Poign\u00e9es et engrenages robustes pour faire tourner rapidement quatre (10L) \u00e0 huit (20L) salades en quelques secondes. Socle de stabilisation disponible pour le mod\u00e8le de 20L.<br \/>Syst\u00e8me d&rsquo;engrenage ultra-r\u00e9sistant &#8211; con\u00e7u pour un essorage \u00e0 grande capacit\u00e9 et \u00e0 grande vitesse.Conforme aux normes HACCP. Conception l\u00e9g\u00e8re &#8211; portable et facile \u00e0 installer. Syst\u00e8me de manivelle manuelle &#8211; aucune connexion \u00e9lectrique externe n&rsquo;est n\u00e9cessaire. Tube de vidange int\u00e9gr\u00e9 &#8211; pas besoin de renverser le seau pour le vider.Syst\u00e8me d&rsquo;engrenage ultra-r\u00e9sistant &#8211; con\u00e7u pour un essorage \u00e0 grande capacit\u00e9 et \u00e0 grande vitesse.<\/p>\n<p>Caract\u00e9ristiques :<br \/> Capacit\u00e9 : 10 litres.<br \/> Dimensions : 420(H) x 330(\u00d8) mm.<br \/> Mati\u00e8re : Plastique.<br \/> Couleur : Orange.<\/p>\n","protected":false},"excerpt":{"rendered":"<p>Essoreuse \u00e0 salade manuelle Dynamic 10L<\/p>\n","protected":false},"featured_media":82377,"comment_status":"closed","ping_status":"closed","template":"","meta":[],"product_brand":[],"product_cat":[1064,1297,1098,1104],"product_tag":[],"class_list":{"0":"post-68177","1":"product","2":"type-product","3":"status-publish","4":"has-post-thumbnail","6":"product_cat-cuisine","7":"product_cat-non-palettisable","8":"product_cat-ustensiles-cuisine","9":"product_cat-ustensiles-de-cuisine","10":"product_shipping_class-free-shipping","12":"first","13":"instock","14":"featured","15":"taxable","16":"shipping-taxable","17":"purchasable","18":"product-type-simple"},"_links":{"self":[{"href":"https:\/\/abinox-chr-clim.com\/index.php\/wp-json\/wp\/v2\/product\/68177","targetHints":{"allow":["GET"]}}],"collection":[{"href":"https:\/\/abinox-chr-clim.com\/index.php\/wp-json\/wp\/v2\/product"}],"about":[{"href":"https:\/\/abinox-chr-clim.com\/index.php\/wp-json\/wp\/v2\/types\/product"}],"replies":[{"embeddable":true,"href":"https:\/\/abinox-chr-clim.com\/index.php\/wp-json\/wp\/v2\/comments?post=68177"}],"wp:featuredmedia":[{"embeddable":true,"href":"https:\/\/abinox-chr-clim.com\/index.php\/wp-json\/wp\/v2\/media\/82377"}],"wp:attachment":[{"href":"https:\/\/abinox-chr-clim.com\/index.php\/wp-json\/wp\/v2\/media?parent=68177"}],"wp:term":[{"taxonomy":"product_brand","embeddable":true,"href":"https:\/\/abinox-chr-clim.com\/index.php\/wp-json\/wp\/v2\/product_brand?post=68177"},{"taxonomy":"product_cat","embeddable":true,"href":"https:\/\/abinox-chr-clim.com\/index.php\/wp-json\/wp\/v2\/product_cat?post=68177"},{"taxonomy":"product_tag","embeddable":true,"href":"https:\/\/abinox-chr-clim.com\/index.php\/wp-json\/wp\/v2\/product_tag?post=68177"}],"curies":[{"name":"wp","href":"https:\/\/api.w.org\/{rel}","templated":true}]}}